{"id":49432,"date":"2022-06-13T10:01:33","date_gmt":"2022-06-13T13:01:33","guid":{"rendered":"https:\/\/www.mendoza.gov.ar\/catalogoeconomiasocial\/?post_type=product&#038;p=49432"},"modified":"2022-09-28T15:04:35","modified_gmt":"2022-09-28T18:04:35","slug":"munecas-estilo-waldorf","status":"publish","type":"product","link":"https:\/\/www.mendoza.gov.ar\/catalogoeconomiasocial\/producto\/munecas-estilo-waldorf\/","title":{"rendered":"Mu\u00f1ecas Estilo Waldorf"},"content":{"rendered":"<!DOCTYPE html PUBLIC \"-\/\/W3C\/\/DTD HTML 4.0 Transitional\/\/EN\" \"http:\/\/www.w3.org\/TR\/REC-html40\/loose.dtd\">\n\n","protected":false},"excerpt":{"rendered":"Las mu\u00f1ecas son uno de los\u00a0<strong>elementos de juego<\/strong>\u00a0m\u00e1s caracter\u00edsticos de la\u00a0<strong>pedagog\u00eda Waldorf<\/strong>. Es un material muy importante, que confiere al juego una dimensi\u00f3n \u00edntima que no alcanzan con ning\u00fan otro objeto, relacion\u00e1ndose con ella desde el coraz\u00f3n y convirti\u00e9ndola en una verdadera compa\u00f1era de vida. Por ello, son igual de importantes tanto para ni\u00f1as como para ni\u00f1os, sin importar en ning\u00fan modo la cuesti\u00f3n de g\u00e9nero.\r\n\r\nEl dise\u00f1o tradicional de una\u00a0<strong>mu\u00f1eca Waldorf\u00a0<\/strong>prima much\u00edsimo la sencillez\u00a0 y la calidad de los materiales con los que est\u00e1 confeccionada. Adem\u00e1s, su rostro no suele estar definido del todo, precisamente para que sea el ni\u00f1o o la ni\u00f1a los que pongan en marcha su imaginaci\u00f3n.\u00a0 Son caras sin expresiones definidas, dejando espacio a la fantas\u00eda y la creatividad, para que puedan elegir si est\u00e1n contentas, si lloran, si est\u00e1n enfadadas\u2026 seg\u00fan ellos y ellas lo deseen.\r\n\r\nNo todas las\u00a0<strong>mu\u00f1ecas Waldorf<\/strong> son adecuadas para cada momento evolutivo, ya que son un reflejo de la persona y deben adaptarse a ella. Por eso, en los primeros meses, las\u00a0<strong>mu\u00f1ecas<\/strong>\u00a0son simplemente, una tela de textura amorosa con una cabeza redonda y bien diferenciada cosida, en la que las manos ser\u00e1n unos nudos b\u00e1sicos en las esquinas. Una bonita met\u00e1fora de lo que es un\/una beb\u00e9, en el\/la que la importancia de su ser reside en la cabeza y todav\u00eda las extremidades tendr\u00e1n que ir ganando coordinaci\u00f3n y confianza.","protected":false},"featured_media":49438,"comment_status":"open","ping_status":"closed","template":"","meta":[],"product_cat":[1065,6120,6159],"product_tag":[5943],"_links":{"self":[{"href":"https:\/\/www.mendoza.gov.ar\/catalogoeconomiasocial\/wp-json\/wp\/v2\/product\/49432"}],"collection":[{"href":"https:\/\/www.mendoza.gov.ar\/catalogoeconomiasocial\/wp-json\/wp\/v2\/product"}],"about":[{"href":"https:\/\/www.mendoza.gov.ar\/catalogoeconomiasocial\/wp-json\/wp\/v2\/types\/product"}],"replies":[{"embeddable":true,"href":"https:\/\/www.mendoza.gov.ar\/catalogoeconomiasocial\/wp-json\/wp\/v2\/comments?post=49432"}],"wp:featuredmedia":[{"embeddable":true,"href":"https:\/\/www.mendoza.gov.ar\/catalogoeconomiasocial\/wp-json\/wp\/v2\/media\/49438"}],"wp:attachment":[{"href":"https:\/\/www.mendoza.gov.ar\/catalogoeconomiasocial\/wp-json\/wp\/v2\/media?parent=49432"}],"wp:term":[{"taxonomy":"product_cat","embeddable":true,"href":"https:\/\/www.mendoza.gov.ar\/catalogoeconomiasocial\/wp-json\/wp\/v2\/product_cat?post=49432"},{"taxonomy":"product_tag","embeddable":true,"href":"https:\/\/www.mendoza.gov.ar\/catalogoeconomiasocial\/wp-json\/wp\/v2\/product_tag?post=49432"}],"curies":[{"name":"wp","href":"https:\/\/api.w.org\/{rel}","templated":true}]}}