{"id":49526,"date":"2022-10-03T11:46:37","date_gmt":"2022-10-03T14:46:37","guid":{"rendered":"https:\/\/www.mendoza.gov.ar\/catalogoeconomiasocial\/?post_type=product&#038;p=49526"},"modified":"2022-10-03T11:46:37","modified_gmt":"2022-10-03T14:46:37","slug":"rompecabezas-2","status":"publish","type":"product","link":"https:\/\/www.mendoza.gov.ar\/catalogoeconomiasocial\/producto\/rompecabezas-2\/","title":{"rendered":"Rompecabezas"},"content":{"rendered":"<!DOCTYPE html PUBLIC \"-\/\/W3C\/\/DTD HTML 4.0 Transitional\/\/EN\" \"http:\/\/www.w3.org\/TR\/REC-html40\/loose.dtd\">\n\n","protected":false},"excerpt":{"rendered":"Rompecabezas: para ni\u00f1xs de\u00a0+ 3 a\u00f1os. Mdf 5 mm calado y pintado a mano con pintura no t\u00f3xica (acr\u00edlico) Con terminaci\u00f3n de barniz al agua. Dise\u00f1o &#8220;Dinosaurios&#8221;. Tres modelos disponibles. Dise\u00f1o &#8220;\u00c1rbol&#8221; un modelo disponible\u00a0(dos tonos).","protected":false},"featured_media":49535,"comment_status":"open","ping_status":"closed","template":"","meta":[],"product_cat":[1065,6123,6121],"product_tag":[2215,775],"_links":{"self":[{"href":"https:\/\/www.mendoza.gov.ar\/catalogoeconomiasocial\/wp-json\/wp\/v2\/product\/49526"}],"collection":[{"href":"https:\/\/www.mendoza.gov.ar\/catalogoeconomiasocial\/wp-json\/wp\/v2\/product"}],"about":[{"href":"https:\/\/www.mendoza.gov.ar\/catalogoeconomiasocial\/wp-json\/wp\/v2\/types\/product"}],"replies":[{"embeddable":true,"href":"https:\/\/www.mendoza.gov.ar\/catalogoeconomiasocial\/wp-json\/wp\/v2\/comments?post=49526"}],"wp:featuredmedia":[{"embeddable":true,"href":"https:\/\/www.mendoza.gov.ar\/catalogoeconomiasocial\/wp-json\/wp\/v2\/media\/49535"}],"wp:attachment":[{"href":"https:\/\/www.mendoza.gov.ar\/catalogoeconomiasocial\/wp-json\/wp\/v2\/media?parent=49526"}],"wp:term":[{"taxonomy":"product_cat","embeddable":true,"href":"https:\/\/www.mendoza.gov.ar\/catalogoeconomiasocial\/wp-json\/wp\/v2\/product_cat?post=49526"},{"taxonomy":"product_tag","embeddable":true,"href":"https:\/\/www.mendoza.gov.ar\/catalogoeconomiasocial\/wp-json\/wp\/v2\/product_tag?post=49526"}],"curies":[{"name":"wp","href":"https:\/\/api.w.org\/{rel}","templated":true}]}}