{"id":49884,"date":"2023-03-08T11:27:17","date_gmt":"2023-03-08T14:27:17","guid":{"rendered":"https:\/\/www.mendoza.gov.ar\/catalogoeconomiasocial\/?post_type=product&#038;p=49884"},"modified":"2023-09-26T09:14:43","modified_gmt":"2023-09-26T12:14:43","slug":"fertilizante-liquido-vegetativo-crecimiento","status":"publish","type":"product","link":"https:\/\/www.mendoza.gov.ar\/catalogoeconomiasocial\/producto\/fertilizante-liquido-vegetativo-crecimiento\/","title":{"rendered":"Fertilizante l\u00edquido  \u201cVegetativo + Crecimiento\u201d"},"content":{"rendered":"<!DOCTYPE html PUBLIC \"-\/\/W3C\/\/DTD HTML 4.0 Transitional\/\/EN\" \"http:\/\/www.w3.org\/TR\/REC-html40\/loose.dtd\">\n\n","protected":false},"excerpt":{"rendered":"<p style=\"font-weight: 400;\"><strong>\u00bfQu\u00e9 es?<\/strong><\/p>\r\n<p style=\"font-weight: 400;\">Es el producto de la fermentaci\u00f3n anaer\u00f3bica de diversas fuentes de materia org\u00e1nica.<\/p>\r\n<p style=\"font-weight: 400;\"><strong>\u00bfPara qu\u00e9 sirve? \u00a0\u00a0\u00a0\u00a0\u00a0\u00a0\u00a0\u00a0\u00a0\u00a0\u00a0\u00a0\u00a0<\/strong><\/p>\r\n<p style=\"font-weight: 400;\">\u00fc\u00a0\u00a0Ayuda al crecimiento de nuevos brotes, aumentando as\u00ed el follaje de la planta.<\/p>\r\n<p style=\"font-weight: 400;\">\u00fc\u00a0\u00a0Aporta nutrientes que estimula el crecimiento y fortalecimiento del tallo para que el mismo tenga la capacidad de soportar las inclemencias del tiempo, el peso del fruto y follaje.<\/p>\r\n<p style=\"font-weight: 400;\">\u00fc\u00a0\u00a0Aporta macro y micronutrientes (boro, magnesio, cobre, zinc, hierro, calcio, potasio, f\u00f3sforo y nitr\u00f3geno (muy disponible para la f\u00e1cil asimilaci\u00f3n por las ra\u00edces).<\/p>\r\n<p style=\"font-weight: 400;\"><strong>\u00bfEn qu\u00e9 etapa de la planta se coloca?<\/strong><\/p>\r\n<p style=\"font-weight: 400;\">A partir de los 15 d\u00edas de haber realizado la germinaci\u00f3n, hasta la etapa de la prefloraci\u00f3n.<\/p>\r\n<p style=\"font-weight: 400;\"><strong>\u00bfQu\u00e9 cantidades se coloca?<\/strong><\/p>\r\n<p style=\"font-weight: 400;\">Dependiendo del tama\u00f1o de la planta, la cantidad va a variar desde los 10 ml de \u201cvegetativo + crecimiento\u201d por litro de agua, hasta 30 mil de \u201cvegetativo + crecimiento \u201cpor litro de agua.<\/p>\r\n<p style=\"font-weight: 400;\">Ej: Un rosal de 1 mts metro de alto se colocar\u00eda 15 ml de \u201cvegetativo + crecimiento\u201d.<\/p>\r\n<p style=\"font-weight: 400;\"><strong>\u00bfCada cu\u00e1nto se aplica?<\/strong><\/p>\r\n<p style=\"font-weight: 400;\">Se aplica una vez cada 7 d\u00edas, independiente de los riegos habituales.<\/p>\r\n<p style=\"font-weight: 400;\"><strong>Observaciones:<\/strong><\/p>\r\n\r\n<ul>\r\n \t<li style=\"font-weight: 400;\">Conservar en lugar fresco y oscuro.<\/li>\r\n \t<li style=\"font-weight: 400;\">Respetar las cantidades indicadas de preparaci\u00f3n.<\/li>\r\n \t<li style=\"font-weight: 400;\">Mantener alejado del alcance de los ni\u00f1os.<\/li>\r\n \t<li style=\"font-weight: 400;\">No fertilizar en la fase de germinaci\u00f3n, usar a partir de los 15 d\u00edas de germinar.<\/li>\r\n \t<li style=\"font-weight: 400;\">No mezclar los productos \u201cTehul\u201d con productos de s\u00edntesis qu\u00edmica.<\/li>\r\n<\/ul>","protected":false},"featured_media":49889,"comment_status":"open","ping_status":"closed","template":"","meta":[],"product_cat":[6046,6080,6084],"product_tag":[6301,492,707,6302],"_links":{"self":[{"href":"https:\/\/www.mendoza.gov.ar\/catalogoeconomiasocial\/wp-json\/wp\/v2\/product\/49884"}],"collection":[{"href":"https:\/\/www.mendoza.gov.ar\/catalogoeconomiasocial\/wp-json\/wp\/v2\/product"}],"about":[{"href":"https:\/\/www.mendoza.gov.ar\/catalogoeconomiasocial\/wp-json\/wp\/v2\/types\/product"}],"replies":[{"embeddable":true,"href":"https:\/\/www.mendoza.gov.ar\/catalogoeconomiasocial\/wp-json\/wp\/v2\/comments?post=49884"}],"wp:featuredmedia":[{"embeddable":true,"href":"https:\/\/www.mendoza.gov.ar\/catalogoeconomiasocial\/wp-json\/wp\/v2\/media\/49889"}],"wp:attachment":[{"href":"https:\/\/www.mendoza.gov.ar\/catalogoeconomiasocial\/wp-json\/wp\/v2\/media?parent=49884"}],"wp:term":[{"taxonomy":"product_cat","embeddable":true,"href":"https:\/\/www.mendoza.gov.ar\/catalogoeconomiasocial\/wp-json\/wp\/v2\/product_cat?post=49884"},{"taxonomy":"product_tag","embeddable":true,"href":"https:\/\/www.mendoza.gov.ar\/catalogoeconomiasocial\/wp-json\/wp\/v2\/product_tag?post=49884"}],"curies":[{"name":"wp","href":"https:\/\/api.w.org\/{rel}","templated":true}]}}