{"id":49894,"date":"2023-03-08T12:03:52","date_gmt":"2023-03-08T15:03:52","guid":{"rendered":"https:\/\/www.mendoza.gov.ar\/catalogoeconomiasocial\/?post_type=product&#038;p=49894"},"modified":"2023-03-13T08:32:57","modified_gmt":"2023-03-13T11:32:57","slug":"fertilizante-flora-tamano","status":"publish","type":"product","link":"https:\/\/www.mendoza.gov.ar\/catalogoeconomiasocial\/producto\/fertilizante-flora-tamano\/","title":{"rendered":"Fertilizante &#8220;Flora + Tama\u00f1o&#8221;"},"content":{"rendered":"<!DOCTYPE html PUBLIC \"-\/\/W3C\/\/DTD HTML 4.0 Transitional\/\/EN\" \"http:\/\/www.w3.org\/TR\/REC-html40\/loose.dtd\">\n\n","protected":false},"excerpt":{"rendered":"<p style=\"font-weight: 400;\"><strong>\u00bfQu\u00e9 es?<\/strong><\/p>\r\n<p style=\"font-weight: 400;\">Es un extracto de materia org\u00e1nica, una mezcla de \u00e1cido h\u00famico involucrados en todos los procesos bioqu\u00edmicos en el suelo y \u00e1cidos fulvicos concentrados, aparte de contar con potasio, nitr\u00f3geno, f\u00f3sforo, calcio, magnesio y zinc.<\/p>\r\n<p style=\"font-weight: 400;\"><strong>\u00bfPara qu\u00e9 sirve?<\/strong><\/p>\r\n<p style=\"font-weight: 400;\">Ayuda con la asimilaci\u00f3n de nitr\u00f3geno, a aumentar el tama\u00f1o, peso y calidad del producto.<\/p>\r\n<p style=\"font-weight: 400;\">Su funci\u00f3n principal es la de aumentar el engorde de flores y frutos para obtener una producci\u00f3n mayor aparte de ayudar a la asimilaci\u00f3n de nitr\u00f3geno de la planta<\/p>\r\n<p style=\"font-weight: 400;\"><strong>\u00bfEn qu\u00e9 etapa de la planta se usa?<\/strong><\/p>\r\n<p style=\"font-weight: 400;\">Se debe colocar a partir de la primera semana de floraci\u00f3n.<\/p>\r\n<p style=\"font-weight: 400;\"><strong>\u00bfCada cu\u00e1nto se aplica?<\/strong><\/p>\r\n<p style=\"font-weight: 400;\">Se debe aplicar una vez por semana, independientemente de los riegos habituales.<\/p>\r\n<p style=\"font-weight: 400;\"><strong>Observaciones:<\/strong><\/p>\r\n\r\n<ul>\r\n \t<li style=\"font-weight: 400;\">En caso de contacto con la piel se debe enjuagar de forma inmediata con una soluci\u00f3n al 10% de agua y vinagre para neutralizar.<\/li>\r\n \t<li style=\"font-weight: 400;\">Conservar en lugar fresco y oscuro.<\/li>\r\n \t<li style=\"font-weight: 400;\">Respetar las cantidades indicadas de preparaci\u00f3n.<\/li>\r\n \t<li style=\"font-weight: 400;\">Mantener alejado del alcance de los ni\u00f1os.<\/li>\r\n \t<li style=\"font-weight: 400;\">Dejar de aplicar 15 d\u00edas antes de la cosecha, ya sea en una planta de fruto como en una arom\u00e1tica.<\/li>\r\n \t<li style=\"font-weight: 400;\">No mezclar los productos \u201cTehul\u201d con productos de s\u00edntesis qu\u00edmica.<\/li>\r\n<\/ul>","protected":false},"featured_media":49897,"comment_status":"open","ping_status":"closed","template":"","meta":[],"product_cat":[6046,6080,6084],"product_tag":[6301,6302],"_links":{"self":[{"href":"https:\/\/www.mendoza.gov.ar\/catalogoeconomiasocial\/wp-json\/wp\/v2\/product\/49894"}],"collection":[{"href":"https:\/\/www.mendoza.gov.ar\/catalogoeconomiasocial\/wp-json\/wp\/v2\/product"}],"about":[{"href":"https:\/\/www.mendoza.gov.ar\/catalogoeconomiasocial\/wp-json\/wp\/v2\/types\/product"}],"replies":[{"embeddable":true,"href":"https:\/\/www.mendoza.gov.ar\/catalogoeconomiasocial\/wp-json\/wp\/v2\/comments?post=49894"}],"wp:featuredmedia":[{"embeddable":true,"href":"https:\/\/www.mendoza.gov.ar\/catalogoeconomiasocial\/wp-json\/wp\/v2\/media\/49897"}],"wp:attachment":[{"href":"https:\/\/www.mendoza.gov.ar\/catalogoeconomiasocial\/wp-json\/wp\/v2\/media?parent=49894"}],"wp:term":[{"taxonomy":"product_cat","embeddable":true,"href":"https:\/\/www.mendoza.gov.ar\/catalogoeconomiasocial\/wp-json\/wp\/v2\/product_cat?post=49894"},{"taxonomy":"product_tag","embeddable":true,"href":"https:\/\/www.mendoza.gov.ar\/catalogoeconomiasocial\/wp-json\/wp\/v2\/product_tag?post=49894"}],"curies":[{"name":"wp","href":"https:\/\/api.w.org\/{rel}","templated":true}]}}