{"id":49920,"date":"2023-03-08T13:37:04","date_gmt":"2023-03-08T16:37:04","guid":{"rendered":"https:\/\/www.mendoza.gov.ar\/catalogoeconomiasocial\/?post_type=product&#038;p=49920"},"modified":"2024-05-16T11:41:36","modified_gmt":"2024-05-16T14:41:36","slug":"jabon-saponificado","status":"publish","type":"product","link":"https:\/\/www.mendoza.gov.ar\/catalogoeconomiasocial\/producto\/jabon-saponificado\/","title":{"rendered":"Jab\u00f3n Saponificado"},"content":{"rendered":"<!DOCTYPE html PUBLIC \"-\/\/W3C\/\/DTD HTML 4.0 Transitional\/\/EN\" \"http:\/\/www.w3.org\/TR\/REC-html40\/loose.dtd\">\n\n","protected":false},"excerpt":{"rendered":"<div class=\"d9FyLd\">LOS JABONES SAPONIFICADOS (Proceso en Fr\u00edo)<\/div>\r\n<span class=\"hgKElc\">Este tipo de jabones son muy diferentes a los de glicerina ya que\u00a0<b>se obtienen de la reacci\u00f3n qu\u00edmica obtenida entre grasas (aceites y mantecas) y soda c\u00e1ustica disuelta en agua<\/b>. El resultado es una reacci\u00f3n de saponificaci\u00f3n. Es como realizar el jab\u00f3n desde cero sin base.<\/span>","protected":false},"featured_media":49910,"comment_status":"open","ping_status":"closed","template":"","meta":[],"product_cat":[6762,6143,6144],"product_tag":[1927,6309,6310],"_links":{"self":[{"href":"https:\/\/www.mendoza.gov.ar\/catalogoeconomiasocial\/wp-json\/wp\/v2\/product\/49920"}],"collection":[{"href":"https:\/\/www.mendoza.gov.ar\/catalogoeconomiasocial\/wp-json\/wp\/v2\/product"}],"about":[{"href":"https:\/\/www.mendoza.gov.ar\/catalogoeconomiasocial\/wp-json\/wp\/v2\/types\/product"}],"replies":[{"embeddable":true,"href":"https:\/\/www.mendoza.gov.ar\/catalogoeconomiasocial\/wp-json\/wp\/v2\/comments?post=49920"}],"wp:featuredmedia":[{"embeddable":true,"href":"https:\/\/www.mendoza.gov.ar\/catalogoeconomiasocial\/wp-json\/wp\/v2\/media\/49910"}],"wp:attachment":[{"href":"https:\/\/www.mendoza.gov.ar\/catalogoeconomiasocial\/wp-json\/wp\/v2\/media?parent=49920"}],"wp:term":[{"taxonomy":"product_cat","embeddable":true,"href":"https:\/\/www.mendoza.gov.ar\/catalogoeconomiasocial\/wp-json\/wp\/v2\/product_cat?post=49920"},{"taxonomy":"product_tag","embeddable":true,"href":"https:\/\/www.mendoza.gov.ar\/catalogoeconomiasocial\/wp-json\/wp\/v2\/product_tag?post=49920"}],"curies":[{"name":"wp","href":"https:\/\/api.w.org\/{rel}","templated":true}]}}