{"id":49951,"date":"2023-03-13T13:33:45","date_gmt":"2023-03-13T16:33:45","guid":{"rendered":"https:\/\/www.mendoza.gov.ar\/catalogoeconomiasocial\/?post_type=product&#038;p=49951"},"modified":"2023-07-27T11:35:50","modified_gmt":"2023-07-27T14:35:50","slug":"jabon-coporal","status":"publish","type":"product","link":"https:\/\/www.mendoza.gov.ar\/catalogoeconomiasocial\/producto\/jabon-coporal\/","title":{"rendered":"Jab\u00f3n Coporal"},"content":{"rendered":"<!DOCTYPE html PUBLIC \"-\/\/W3C\/\/DTD HTML 4.0 Transitional\/\/EN\" \"http:\/\/www.w3.org\/TR\/REC-html40\/loose.dtd\">\n\n","protected":false},"excerpt":{"rendered":"<div class=\"gmail_default\"><b><span style=\"font-family: comic sans ms, sans-serif;\">Jabones corporales:\u00a0<\/span><span style=\"font-family: comic sans ms, sans-serif;\">Est\u00e1n elaborados con la t\u00e9cnica de saponificaci\u00f3n en fr\u00edo a\u00a0<\/span>partir de aceites vegetales (coco y oliva) y soda c\u00e1ustica\u00a0de m\u00e1xima pureza, gracias a esta forma de elaboraci\u00f3n<\/b><\/div>\r\n<span style=\"font-family: comic sans ms, sans-serif;\"><b>muchas de las bondades de estos aceites est\u00e1n presentes en nuestros jabones. Son jabones que al tener un porcentaje de aceite libre sirven tanto para el rostro como para el cuerpo.\r\nUn producto derivado de este proceso es la glicerina, un potente hidratante de la piel.\r\nApto vegano.<\/b><\/span>","protected":false},"featured_media":49952,"comment_status":"open","ping_status":"closed","template":"","meta":[],"product_cat":[6762,6143,6144],"product_tag":[6309,6323,6280],"_links":{"self":[{"href":"https:\/\/www.mendoza.gov.ar\/catalogoeconomiasocial\/wp-json\/wp\/v2\/product\/49951"}],"collection":[{"href":"https:\/\/www.mendoza.gov.ar\/catalogoeconomiasocial\/wp-json\/wp\/v2\/product"}],"about":[{"href":"https:\/\/www.mendoza.gov.ar\/catalogoeconomiasocial\/wp-json\/wp\/v2\/types\/product"}],"replies":[{"embeddable":true,"href":"https:\/\/www.mendoza.gov.ar\/catalogoeconomiasocial\/wp-json\/wp\/v2\/comments?post=49951"}],"wp:featuredmedia":[{"embeddable":true,"href":"https:\/\/www.mendoza.gov.ar\/catalogoeconomiasocial\/wp-json\/wp\/v2\/media\/49952"}],"wp:attachment":[{"href":"https:\/\/www.mendoza.gov.ar\/catalogoeconomiasocial\/wp-json\/wp\/v2\/media?parent=49951"}],"wp:term":[{"taxonomy":"product_cat","embeddable":true,"href":"https:\/\/www.mendoza.gov.ar\/catalogoeconomiasocial\/wp-json\/wp\/v2\/product_cat?post=49951"},{"taxonomy":"product_tag","embeddable":true,"href":"https:\/\/www.mendoza.gov.ar\/catalogoeconomiasocial\/wp-json\/wp\/v2\/product_tag?post=49951"}],"curies":[{"name":"wp","href":"https:\/\/api.w.org\/{rel}","templated":true}]}}