{"id":49966,"date":"2023-03-15T11:03:33","date_gmt":"2023-03-15T14:03:33","guid":{"rendered":"https:\/\/www.mendoza.gov.ar\/catalogoeconomiasocial\/?post_type=product&#038;p=49966"},"modified":"2023-03-15T12:01:57","modified_gmt":"2023-03-15T15:01:57","slug":"empanadas-3","status":"publish","type":"product","link":"https:\/\/www.mendoza.gov.ar\/catalogoeconomiasocial\/producto\/empanadas-3\/","title":{"rendered":"Empanadas"},"content":{"rendered":"<!DOCTYPE html PUBLIC \"-\/\/W3C\/\/DTD HTML 4.0 Transitional\/\/EN\" \"http:\/\/www.w3.org\/TR\/REC-html40\/loose.dtd\">\n\n","protected":false},"excerpt":{"rendered":"<ul>\r\n \t<li><b>Safijas<\/b>: empanadas \u00e1rabes horneadas con masa casera de pan \u00e1rabe, sin grasa animal. Relleno de carne, cebolla de verdeo, tomate, condimentos y macerado en jugo de lim\u00f3n. Se incluyen gajos de lim\u00f3n para disfrutar una degustaci\u00f3n completa. Todo realizado con ingredientes de primera calidad, horneado sin aceites agregados para asegurar la menor cantidad de colesterol en cada producto.<\/li>\r\n \t<li><b>Safijas veganas<\/b>: empanadas\u00a0\u00e1rabes veganas. Hecha con masa casera de pan \u00e1rabe, sin grasa animal. Relleno de texturizado de soja, tomate fresco, cebolla de verdeo y condimentos, macerado con jugo lim\u00f3n. Se incluyen gajos de lim\u00f3n en el pedido para disfrutar de la\u00a0degustaci\u00f3n completa. Todo realizado con ingredientes de primera calidad, horneado sin aceites agregados para asegurar la menor cantidad de colesterol en cada producto. Sin ning\u00fan producto de origen animal en su elaboraci\u00f3n.<\/li>\r\n \t<li><b>Empanadas criollas<\/b>: hechas con deliciosa masa casera, relleno de carne, cebolla, huevo duro y condimentos. Si requiere aceitunas solicitar en el pedido. Todo realizado con ingredientes de primera calidad, horneado sin aceites agregados para asegurar la menor cantidad de colesterol en cada producto.<\/li>\r\n \t<li><b>Empanadas criollas veganas<\/b>: tapas de masa casera sin grasa animal. Relleno de texturizado de soja, aceitunas y cebolla, condimentado al estilo de la empanada criolla. Sin ning\u00fan producto de origen animal en su elaboraci\u00f3n. Todo realizado con ingredientes de primera calidad, horneado sin aceites agregados para asegurar la menor cantidad de colesterol en cada producto.<\/li>\r\n \t<li><b>Empanadas de jam\u00f3n y muzzarella<\/b>: tapas de masa casera con forma de canasta artesanal, rellenas con jam\u00f3n y muzzarella. Todo realizado con ingredientes de primera calidad, horneado sin aceites agregados para asegurar la menor cantidad de colesterol en cada producto.<\/li>\r\n \t<li><b>Empanadas de roquefort<\/b>: tapas de masa casera con forma triangular. Rellenas con el equilibrio perfecto entre muzzarella y queso azul. Todo realizado con ingredientes de primera calidad, horneado sin aceites agregados para asegurar la menor cantidad de colesterol en cada producto.<\/li>\r\n \t<li><b>Empanadas caprese<\/b>: tapas de masa casera con forma triangular. Rellenas de mozzarella, tomate y albahaca. Todo realizado con ingredientes de primera calidad, horneado sin aceites agregados para asegurar la menor cantidad de colesterol en cada producto.<\/li>\r\n<\/ul>","protected":false},"featured_media":49967,"comment_status":"open","ping_status":"closed","template":"","meta":[],"product_cat":[5946,6016,6033],"product_tag":[2338,2343,1106,6329],"_links":{"self":[{"href":"https:\/\/www.mendoza.gov.ar\/catalogoeconomiasocial\/wp-json\/wp\/v2\/product\/49966"}],"collection":[{"href":"https:\/\/www.mendoza.gov.ar\/catalogoeconomiasocial\/wp-json\/wp\/v2\/product"}],"about":[{"href":"https:\/\/www.mendoza.gov.ar\/catalogoeconomiasocial\/wp-json\/wp\/v2\/types\/product"}],"replies":[{"embeddable":true,"href":"https:\/\/www.mendoza.gov.ar\/catalogoeconomiasocial\/wp-json\/wp\/v2\/comments?post=49966"}],"wp:featuredmedia":[{"embeddable":true,"href":"https:\/\/www.mendoza.gov.ar\/catalogoeconomiasocial\/wp-json\/wp\/v2\/media\/49967"}],"wp:attachment":[{"href":"https:\/\/www.mendoza.gov.ar\/catalogoeconomiasocial\/wp-json\/wp\/v2\/media?parent=49966"}],"wp:term":[{"taxonomy":"product_cat","embeddable":true,"href":"https:\/\/www.mendoza.gov.ar\/catalogoeconomiasocial\/wp-json\/wp\/v2\/product_cat?post=49966"},{"taxonomy":"product_tag","embeddable":true,"href":"https:\/\/www.mendoza.gov.ar\/catalogoeconomiasocial\/wp-json\/wp\/v2\/product_tag?post=49966"}],"curies":[{"name":"wp","href":"https:\/\/api.w.org\/{rel}","templated":true}]}}