{"id":49978,"date":"2023-03-15T11:20:47","date_gmt":"2023-03-15T14:20:47","guid":{"rendered":"https:\/\/www.mendoza.gov.ar\/catalogoeconomiasocial\/?post_type=product&#038;p=49978"},"modified":"2023-03-15T12:01:39","modified_gmt":"2023-03-15T15:01:39","slug":"pizzas-caseras","status":"publish","type":"product","link":"https:\/\/www.mendoza.gov.ar\/catalogoeconomiasocial\/producto\/pizzas-caseras\/","title":{"rendered":"Pizzas Caseras"},"content":{"rendered":"<!DOCTYPE html PUBLIC \"-\/\/W3C\/\/DTD HTML 4.0 Transitional\/\/EN\" \"http:\/\/www.w3.org\/TR\/REC-html40\/loose.dtd\">\n\n","protected":false},"excerpt":{"rendered":"<div>\r\n<div class=\"nH\">\r\n<div class=\"nH\">\r\n<div class=\"nH aqk aql bkL\">\r\n<div class=\"nH bkK\">\r\n<div class=\"nH\">\r\n<div class=\"nH\">\r\n<div class=\"nH ar4 z\">\r\n<div class=\"aeI\">\r\n<div class=\"AO\">\r\n<div id=\":3\" class=\"Tm aeJ\">\r\n<div id=\":1\" class=\"aeF\">\r\n<div class=\"nH\">\r\n<div class=\"nH\" role=\"main\">\r\n<div class=\"nH g\">\r\n<table class=\"Bs nH iY bAt\" role=\"presentation\" cellpadding=\"0\">\r\n<tbody>\r\n<tr class=\"aTN\">\r\n<td class=\"Bu\">\r\n<div class=\"nH a98 iY\">\r\n<div class=\"nH aHU\">\r\n<div class=\"nH hx\">\r\n<div class=\"nH\" role=\"list\">\r\n<div class=\"h7 ie nH oy8Mbf\" tabindex=\"-1\" role=\"listitem\" aria-expanded=\"true\">\r\n<div class=\"Bk\">\r\n<div class=\"G3 G2\">\r\n<div>\r\n<div id=\":18n\">\r\n<div class=\"adn ads\" data-message-id=\"#msg-f:1760431264852745901\" data-legacy-message-id=\"186e4ee8810a1ead\">\r\n<div class=\"gs\">\r\n<div class=\"\">\r\n<div id=\":18q\" class=\"ii gt\">\r\n<div id=\":18p\" class=\"a3s aiL \">\r\n<div dir=\"ltr\">\r\n<div>\r\n<ul>\r\n \t<li><b>Pizza a la piedra<\/b>: deliciosa pizza de masa casera a la piedra, liviana y crocante. Con mucha mozzarella (300 gr. para 8 porciones) aceitunas y or\u00e9gano. Todo horneado sin aceite agregado. El tama\u00f1o puede ser a elecci\u00f3n, 8 porciones, 4 porciones o individuales. Todo realizado con ingredientes de primera calidad, horneado sin aceites agregados para asegurar la menor cantidad de colesterol en cada producto.<\/li>\r\n \t<li><b>Pizza media masa<\/b>: deliciosa masa casera bien esponjosa para los amantes de la pizza gruesa. Con mucha mozzarella (300 gr. para 8 porciones) aceitunas y or\u00e9gano. Tama\u00f1o a elecci\u00f3n: 8 porciones, 4 porciones o individuales. Todo realizado con ingredientes de primera calidad, horneado sin aceites agregados para asegurar la menor cantidad de colesterol en cada producto.<\/li>\r\n \t<li><b>Pizza integral<\/b>: masa casera de harina integral, liviana y deliciosa. Con mucha mozzarella (300 gr. para 8 porciones) aceitunas y or\u00e9gano. Tama\u00f1o a elecci\u00f3n: 8 porciones, 4 porciones o individual.\u00a0 Todo realizado con ingredientes de primera calidad, horneado sin aceites agregados para asegurar la menor cantidad de colesterol en cada producto.<\/li>\r\n \t<li><b>Fugazzeta rellena<\/b>: una pizza especial de masa casera bien esponjosa, rellena con mozzarella y una tapa de masa cubierta con cebolla desflemada\u00a0(no frita) y or\u00e9gano.\u00a0 Todo realizado con ingredientes de primera calidad, horneado sin aceites agregados para asegurar la menor cantidad de colesterol en cada producto.<\/li>\r\n<\/ul>\r\n<\/div>\r\n<\/div>\r\n<div class=\"yj6qo\"><\/div>\r\n<\/div>\r\n<\/div>\r\n<\/div>\r\n<\/div>\r\n<\/div>\r\n<\/div>\r\n<\/div>\r\n<\/div>\r\n<\/div>\r\n<\/div>\r\n<\/div>\r\n<\/div>\r\n<\/div>\r\n<\/div><\/td>\r\n<\/tr>\r\n<\/tbody>\r\n<\/table>\r\n<\/div>\r\n<\/div>\r\n<\/div>\r\n<\/div>\r\n<\/div>\r\n<\/div>\r\n<\/div>\r\n<\/div>\r\n<\/div>\r\n<\/div>\r\n<\/div>\r\n<\/div>\r\n<\/div>\r\n<\/div>\r\n<\/div>\r\n<div class=\"aLF-aPX aLF-aPX-aLK-aPD-JE bhY bbL bbK bbG aLF-aPX-a9l-ax4 aLF-aPX-bhP\" tabindex=\"0\" role=\"dialog\" aria-label=\"Se est\u00e1 mostrando el visor.\" aria-hidden=\"true\">\r\n<div class=\"aLF-aPX-aPU\" role=\"toolbar\">\r\n<div class=\"aLF-aPX-aPU-J6\">\r\n<div class=\"aLF-aPX-aPU-a6I-P6\">\r\n<div class=\"aLF-aPX-aPU-atn\">\r\n<div class=\"aLF-aPX-aPU-Mw-P6\">\r\n<div class=\"aLF-aPX-Ng-I aLF-aPX-auO-I J-J5-Ji aLF-aPX-I\" tabindex=\"0\" role=\"button\" aria-expanded=\"false\" aria-haspopup=\"true\" data-tooltip-unhoverable=\"true\" data-tooltip-delay=\"500\" data-tooltip-class=\"aLF-aPX-T-ays\" data-tooltip-align=\"b,c\" data-tooltip-offset=\"-6\" aria-label=\"M\u00e1s\" data-tooltip=\"M\u00e1s\" aria-hidden=\"false\">\r\n<div class=\"aLF-aPX-JX\"><\/div>\r\n<\/div>\r\n<\/div>\r\n<\/div>\r\n<\/div>\r\n<\/div>\r\n<\/div>\r\n<\/div>","protected":false},"featured_media":49982,"comment_status":"open","ping_status":"closed","template":"","meta":[],"product_cat":[5946,6016,6330],"product_tag":[2338,2398,6331],"_links":{"self":[{"href":"https:\/\/www.mendoza.gov.ar\/catalogoeconomiasocial\/wp-json\/wp\/v2\/product\/49978"}],"collection":[{"href":"https:\/\/www.mendoza.gov.ar\/catalogoeconomiasocial\/wp-json\/wp\/v2\/product"}],"about":[{"href":"https:\/\/www.mendoza.gov.ar\/catalogoeconomiasocial\/wp-json\/wp\/v2\/types\/product"}],"replies":[{"embeddable":true,"href":"https:\/\/www.mendoza.gov.ar\/catalogoeconomiasocial\/wp-json\/wp\/v2\/comments?post=49978"}],"wp:featuredmedia":[{"embeddable":true,"href":"https:\/\/www.mendoza.gov.ar\/catalogoeconomiasocial\/wp-json\/wp\/v2\/media\/49982"}],"wp:attachment":[{"href":"https:\/\/www.mendoza.gov.ar\/catalogoeconomiasocial\/wp-json\/wp\/v2\/media?parent=49978"}],"wp:term":[{"taxonomy":"product_cat","embeddable":true,"href":"https:\/\/www.mendoza.gov.ar\/catalogoeconomiasocial\/wp-json\/wp\/v2\/product_cat?post=49978"},{"taxonomy":"product_tag","embeddable":true,"href":"https:\/\/www.mendoza.gov.ar\/catalogoeconomiasocial\/wp-json\/wp\/v2\/product_tag?post=49978"}],"curies":[{"name":"wp","href":"https:\/\/api.w.org\/{rel}","templated":true}]}}