{"id":49993,"date":"2023-03-15T12:13:01","date_gmt":"2023-03-15T15:13:01","guid":{"rendered":"https:\/\/www.mendoza.gov.ar\/catalogoeconomiasocial\/?post_type=product&#038;p=49993"},"modified":"2023-07-27T11:26:24","modified_gmt":"2023-07-27T14:26:24","slug":"cremas-faciales-y-emulsiones-corporales","status":"publish","type":"product","link":"https:\/\/www.mendoza.gov.ar\/catalogoeconomiasocial\/producto\/cremas-faciales-y-emulsiones-corporales\/","title":{"rendered":"Cremas Faciales y Emulsiones Corporales"},"content":{"rendered":"<!DOCTYPE html PUBLIC \"-\/\/W3C\/\/DTD HTML 4.0 Transitional\/\/EN\" \"http:\/\/www.w3.org\/TR\/REC-html40\/loose.dtd\">\n\n","protected":false},"excerpt":{"rendered":"<div>\r\n<div><b><span style=\"font-size: large;\">* E<span class=\"gmail_default\">mulsion Corporal:\u00a0<\/span><\/span><\/b>Excelente para nutrir y reparar la piel <b><span style=\"font-family: comic sans ms, sans-serif;\">diariamente, es una emulsi\u00f3n liviana que se <\/span><\/b><b><span style=\"font-family: comic sans ms, sans-serif;\">absorbe r\u00e1pidamente sin dejar sensaci\u00f3n <\/span><\/b><b><span style=\"font-family: comic sans ms, sans-serif;\">grasa. Es apta para todo tipo de piel, <\/span><\/b><b><span style=\"font-family: comic sans ms, sans-serif;\">recomendada para pieles sensibles.<\/span><\/b><\/div>\r\n<b><span style=\"font-family: comic sans ms, sans-serif;\">Envase Pet 200 cc\r\nIngredientes: infusi\u00f3n de manzanilla y cal\u00e9ndula, extracto oleoso de manzanilla, cal\u00e9ndula y uruc\u00fam en aceite de oliva y aceite de s\u00e9samo, extracto hidroalcoholicoglicerinado de manzanilla y cal\u00e9ndula, \u00farea, cera lanette, alcohol<\/span><\/b><\/div>\r\n<div><b><span style=\"font-family: comic sans ms, sans-serif;\">cet\u00edlico, goma x\u00e1ntica,<span class=\"gmail_default\">alcohol benc\u00edlico, \u00e1cido\u00a0dehidroac\u00e9tico,<\/span> aceite esencial de manzanilla <\/span><\/b><\/div>\r\n<div><b><span style=\"font-family: comic sans ms, sans-serif;\">A<\/span><\/b>pto Veganos.<\/div>\r\n<div><\/div>\r\n<div>\r\n<div><span style=\"font-size: large;\"><span class=\"gmail_default\">* Crema Compacta: <\/span><\/span>Predomina las mantecas y aceites vegetales <b><span style=\"font-family: comic sans ms, sans-serif;\">haciendo de esta una s\u00faper nutrici\u00f3n, es una <\/span><\/b><b><span style=\"font-family: comic sans ms, sans-serif;\">buena elecci\u00f3n para piel reseca o zonas de <\/span><\/b><b><span style=\"font-family: comic sans ms, sans-serif;\">piel m\u00e1s gruesa. Ideal para beb\u00e9s.\u00a0<\/span><\/b><\/div>\r\n<\/div>\r\n<div><b><span style=\"font-family: comic sans ms, sans-serif;\"><span class=\"gmail_default\">Envase de vidrio <\/span>100cc<\/span><\/b><\/div>\r\n<div><b><span style=\"font-family: comic sans ms, sans-serif;\">Ingredientes: agua destilada, aceite de coco, manteca de cacao, manteca de karit\u00e9, cera lanette, glicerina vegetal, \u00farea, cera de abejas <span class=\"gmail_default\">alcohol benc\u00edlico, \u00e1cido de dehidroac\u00e9tico,\u00a0<\/span>cacao.<\/span><\/b><\/div>\r\n<div>\r\n<div><\/div>\r\n<div><b><span style=\"font-family: comic sans ms, sans-serif;\"><span class=\"gmail_default\">* Gel de Limpieza Facial: <\/span><\/span><\/b><span style=\"font-family: comic sans ms, sans-serif;\"><b>Su f\u00f3rmula est\u00e1 pensada para limpiar la piel del rostro de manera suave y delicada, es un gel apto para todo tipo de piel, incluso pieles sensibles, con acn\u00e9, etc.<\/b><\/span><\/div>\r\n<div><span style=\"font-family: comic sans ms, sans-serif;\"><b><span class=\"gmail_default\">INGREDIENTES: agua, aceite de pepitas de uva, betaina de coco, aceite esencial de lim\u00f3n, aceite esencial de geranio, alcohol benc\u00edlico,\u00a0<\/span><\/b><\/span><span style=\"font-family: comic sans ms, sans-serif;\"><b><span class=\"gmail_default\">\u00e1cido dehidroac\u00e9tico.<\/span>\r\nMODO DE USO: mojar la cara y cuello, y colocar una peque\u00f1a cantidad con las manos, haciendo movimientos circulares, enjuagar con abundante agua, secar, y colocar crema facial Panambi<span class=\"gmail_default\">.<\/span><\/b><\/span><\/div>\r\n<div><\/div>\r\n<div><span style=\"font-family: comic sans ms, sans-serif;\"><b><span class=\"gmail_default\"><span style=\"font-size: large;\">*Crema Facial de Dia: <\/span><\/span><\/b><\/span><b><span style=\"font-family: comic sans ms, sans-serif;\">Crema hidratante liviana apta para todo tipo de piel. Ayuda a tonificar\u00a0y disminuye la apariencia de los<span class=\"gmail_default\">\u00a0<\/span>poros<span class=\"gmail_default\">\u00a0<\/span><span class=\"gmail_default\">y las arrugas<\/span>. Es antiinflamatoria. Es ideal para pieles con ros\u00e1cea o que se irritan con facilidad. Contiene sustancias que atraen y retienen agua por lo que hace que la piel se note m\u00e1s tersa y luminosa.\r\nPRESENTACI\u00d3N: frasco de vidrio de 50 cc\r\nUSO: sobre rostro y cuello (limpios) colocar peque\u00f1a cantidad (rinde mucho) aplicar haciendo masajes circulares, para estimular la irrigaci\u00f3n sangu\u00ednea y mejorar su absorci\u00f3n,\r\nApto Veganos.\r\nINGREDIENTES: infusi\u00f3n de manzanilla y cal\u00e9ndula, \u00e1cido hialur\u00f3nico vegetal, extracto hidroalcohol- glicerinado de manzanilla y cal\u00e9ndula, extracto oleoso de manzanilla y cal\u00e9ndula en aceite de pepitas uva, urea, montanov 68, aceite de ricino, alcohol cet\u00edlico,<span class=\"gmail_default\">\u00a0<\/span><span class=\"gmail_default\">alcohol benc\u00edlico<\/span>\u00a0\u00e1cido<span class=\"gmail_default\">\u00a0<\/span>dehidroac\u00e9tico<span class=\"gmail_default\">,<\/span>\u00a0ac. esencial de manzanilla azul.<\/span><\/b><\/div>\r\n<div><\/div>\r\n<div>\r\n<div class=\"gmail_default\"><b>* Crema Facial de Noche: <\/b><b><span style=\"font-family: comic sans ms, sans-serif;\">Aporta principalmente nutrici\u00f3n e hidrataci\u00f3n al\u00a0<\/span><\/b><b><span style=\"font-family: comic sans ms, sans-serif;\">rostro, es una crema indicada para piel seca, ayuda a atenuar manchas y l\u00edneas de\u00a0<\/span><\/b><b><span style=\"font-family: comic sans ms, sans-serif;\">expresi\u00f3n. Mantiene una buena hidrataci\u00f3n <\/span><\/b><\/div>\r\n<div class=\"gmail_default\"><b><span style=\"font-family: comic sans ms, sans-serif;\">PRESENTACI\u00d3N: frasco de vidrio 100cc<\/span><\/b><\/div>\r\n<b><span style=\"font-family: comic sans ms, sans-serif;\">USO: sobre rostro y cuello (limpios) colocar peque\u00f1a cantidad (rinde mucho) aplicar haciendo masajes circulares, para estimular la irrigaci\u00f3n sangu\u00ednea y mejorar su absorci\u00f3n, s\u00f3lo aplicarse de noche debido al aceite de rosa mosqueta que con los rayos del sol puede provocar fotosensibilizaci\u00f3n.\r\nINGREDIENTES: leche de avena, \u00e1cido hialur\u00f3nico, urea, glicerina vegetal, manteca de karit\u00e9, ac. de rosa mosqueta, montanov 68, cera de abejas, vitamina E, alcohol benc\u00edlico, \u00e1cido <\/span><\/b><b><span style=\"font-family: comic sans ms, sans-serif;\">dehidroac\u00e9tico, a, ac. esencial de geranio.<\/span><\/b><\/div>\r\n<\/div>\r\n<div><\/div>\r\n&nbsp;","protected":false},"featured_media":49996,"comment_status":"open","ping_status":"closed","template":"","meta":[],"product_cat":[6762,6143,6144],"product_tag":[1927,3684,6334],"_links":{"self":[{"href":"https:\/\/www.mendoza.gov.ar\/catalogoeconomiasocial\/wp-json\/wp\/v2\/product\/49993"}],"collection":[{"href":"https:\/\/www.mendoza.gov.ar\/catalogoeconomiasocial\/wp-json\/wp\/v2\/product"}],"about":[{"href":"https:\/\/www.mendoza.gov.ar\/catalogoeconomiasocial\/wp-json\/wp\/v2\/types\/product"}],"replies":[{"embeddable":true,"href":"https:\/\/www.mendoza.gov.ar\/catalogoeconomiasocial\/wp-json\/wp\/v2\/comments?post=49993"}],"wp:featuredmedia":[{"embeddable":true,"href":"https:\/\/www.mendoza.gov.ar\/catalogoeconomiasocial\/wp-json\/wp\/v2\/media\/49996"}],"wp:attachment":[{"href":"https:\/\/www.mendoza.gov.ar\/catalogoeconomiasocial\/wp-json\/wp\/v2\/media?parent=49993"}],"wp:term":[{"taxonomy":"product_cat","embeddable":true,"href":"https:\/\/www.mendoza.gov.ar\/catalogoeconomiasocial\/wp-json\/wp\/v2\/product_cat?post=49993"},{"taxonomy":"product_tag","embeddable":true,"href":"https:\/\/www.mendoza.gov.ar\/catalogoeconomiasocial\/wp-json\/wp\/v2\/product_tag?post=49993"}],"curies":[{"name":"wp","href":"https:\/\/api.w.org\/{rel}","templated":true}]}}