{"id":50061,"date":"2023-03-16T12:01:42","date_gmt":"2023-03-16T15:01:42","guid":{"rendered":"https:\/\/www.mendoza.gov.ar\/catalogoeconomiasocial\/?post_type=product&#038;p=50061"},"modified":"2023-11-03T09:55:31","modified_gmt":"2023-11-03T12:55:31","slug":"souvenirs-tejidos-a-crochet","status":"publish","type":"product","link":"https:\/\/www.mendoza.gov.ar\/catalogoeconomiasocial\/producto\/souvenirs-tejidos-a-crochet\/","title":{"rendered":"Souvenirs tejidos a crochet"},"content":{"rendered":"<!DOCTYPE html PUBLIC \"-\/\/W3C\/\/DTD HTML 4.0 Transitional\/\/EN\" \"http:\/\/www.w3.org\/TR\/REC-html40\/loose.dtd\">\n\n","protected":false},"excerpt":{"rendered":"El producto es tejido a crochet en lana de tipo acr\u00edlico, con ojos de seguridad y prendidos con silicona para asegurarlos. Est\u00e1n bordados a mano con accesorios en fieltro, rellenos de vell\u00f3n siliconado y se puede lavar en lavarropas o a mano.\r\n\r\nLos zapatitos est\u00e1n Tejidos en lana con medidas acorde a un beb\u00e9 de 3 a 6 meses","protected":false},"featured_media":50063,"comment_status":"open","ping_status":"closed","template":"","meta":[],"product_cat":[1065,6156],"product_tag":[1968,6940,1171,1178],"_links":{"self":[{"href":"https:\/\/www.mendoza.gov.ar\/catalogoeconomiasocial\/wp-json\/wp\/v2\/product\/50061"}],"collection":[{"href":"https:\/\/www.mendoza.gov.ar\/catalogoeconomiasocial\/wp-json\/wp\/v2\/product"}],"about":[{"href":"https:\/\/www.mendoza.gov.ar\/catalogoeconomiasocial\/wp-json\/wp\/v2\/types\/product"}],"replies":[{"embeddable":true,"href":"https:\/\/www.mendoza.gov.ar\/catalogoeconomiasocial\/wp-json\/wp\/v2\/comments?post=50061"}],"wp:featuredmedia":[{"embeddable":true,"href":"https:\/\/www.mendoza.gov.ar\/catalogoeconomiasocial\/wp-json\/wp\/v2\/media\/50063"}],"wp:attachment":[{"href":"https:\/\/www.mendoza.gov.ar\/catalogoeconomiasocial\/wp-json\/wp\/v2\/media?parent=50061"}],"wp:term":[{"taxonomy":"product_cat","embeddable":true,"href":"https:\/\/www.mendoza.gov.ar\/catalogoeconomiasocial\/wp-json\/wp\/v2\/product_cat?post=50061"},{"taxonomy":"product_tag","embeddable":true,"href":"https:\/\/www.mendoza.gov.ar\/catalogoeconomiasocial\/wp-json\/wp\/v2\/product_tag?post=50061"}],"curies":[{"name":"wp","href":"https:\/\/api.w.org\/{rel}","templated":true}]}}