{"id":50080,"date":"2023-03-17T15:56:40","date_gmt":"2023-03-17T18:56:40","guid":{"rendered":"https:\/\/www.mendoza.gov.ar\/catalogoeconomiasocial\/?post_type=product&#038;p=50080"},"modified":"2023-03-17T16:31:02","modified_gmt":"2023-03-17T19:31:02","slug":"humus-liquido-madurado","status":"publish","type":"product","link":"https:\/\/www.mendoza.gov.ar\/catalogoeconomiasocial\/producto\/humus-liquido-madurado\/","title":{"rendered":"Humus l\u00edquido madurado"},"content":{"rendered":"<!DOCTYPE html PUBLIC \"-\/\/W3C\/\/DTD HTML 4.0 Transitional\/\/EN\" \"http:\/\/www.w3.org\/TR\/REC-html40\/loose.dtd\">\n\n","protected":false},"excerpt":{"rendered":"<strong>\u00bfQu\u00e9 es y para qu\u00e9 sirve?<\/strong>\r\n\r\nEl humus l\u00edquido, es el resultado de una maduraci\u00f3n anaer\u00f3bica de humus s\u00f3lido obteniendo un producto con un valor nutricional m\u00e1s elevado.\r\n\r\n<strong>\u00bfC\u00f3mo colocarlo?<\/strong>\r\n\r\nDependiendo de la fase de la planta van a variar las concentraciones a usar recomendando no exceder los 100 ml por litro de agua.","protected":false},"featured_media":49991,"comment_status":"open","ping_status":"closed","template":"","meta":[],"product_cat":[6046,6058,6080,6084],"product_tag":[6360,6301,6302],"_links":{"self":[{"href":"https:\/\/www.mendoza.gov.ar\/catalogoeconomiasocial\/wp-json\/wp\/v2\/product\/50080"}],"collection":[{"href":"https:\/\/www.mendoza.gov.ar\/catalogoeconomiasocial\/wp-json\/wp\/v2\/product"}],"about":[{"href":"https:\/\/www.mendoza.gov.ar\/catalogoeconomiasocial\/wp-json\/wp\/v2\/types\/product"}],"replies":[{"embeddable":true,"href":"https:\/\/www.mendoza.gov.ar\/catalogoeconomiasocial\/wp-json\/wp\/v2\/comments?post=50080"}],"wp:featuredmedia":[{"embeddable":true,"href":"https:\/\/www.mendoza.gov.ar\/catalogoeconomiasocial\/wp-json\/wp\/v2\/media\/49991"}],"wp:attachment":[{"href":"https:\/\/www.mendoza.gov.ar\/catalogoeconomiasocial\/wp-json\/wp\/v2\/media?parent=50080"}],"wp:term":[{"taxonomy":"product_cat","embeddable":true,"href":"https:\/\/www.mendoza.gov.ar\/catalogoeconomiasocial\/wp-json\/wp\/v2\/product_cat?post=50080"},{"taxonomy":"product_tag","embeddable":true,"href":"https:\/\/www.mendoza.gov.ar\/catalogoeconomiasocial\/wp-json\/wp\/v2\/product_tag?post=50080"}],"curies":[{"name":"wp","href":"https:\/\/api.w.org\/{rel}","templated":true}]}}