{"id":50081,"date":"2023-03-17T15:58:33","date_gmt":"2023-03-17T18:58:33","guid":{"rendered":"https:\/\/www.mendoza.gov.ar\/catalogoeconomiasocial\/?post_type=product&#038;p=50081"},"modified":"2023-03-17T16:30:35","modified_gmt":"2023-03-17T19:30:35","slug":"compost","status":"publish","type":"product","link":"https:\/\/www.mendoza.gov.ar\/catalogoeconomiasocial\/producto\/compost\/","title":{"rendered":"Compost"},"content":{"rendered":"<!DOCTYPE html PUBLIC \"-\/\/W3C\/\/DTD HTML 4.0 Transitional\/\/EN\" \"http:\/\/www.w3.org\/TR\/REC-html40\/loose.dtd\">\n\n","protected":false},"excerpt":{"rendered":"<strong>\u00bfQu\u00e9 es el compost y para qu\u00e9 sirve?<\/strong>\r\n\r\nEs un producto obtenido a partir de una descomposici\u00f3n controlada de materia org\u00e1nica seleccionada.\r\n\r\nGracias a sus caracter\u00edsticas fisicoqu\u00edmicas nos ayuda a retener agua adem\u00e1s de dar estructura al suelo y aumentar su fertilidad.\r\n\r\n\r\n<strong>\u00bfC\u00f3mo colocarlo?<\/strong>\r\n\r\nSe debe agregar al sustrato en su elaboraci\u00f3n. \r\n\r\n\r\n\r\n","protected":false},"featured_media":49990,"comment_status":"open","ping_status":"closed","template":"","meta":[],"product_cat":[6046,6058,6080,6084],"product_tag":[6360,6301,6302],"_links":{"self":[{"href":"https:\/\/www.mendoza.gov.ar\/catalogoeconomiasocial\/wp-json\/wp\/v2\/product\/50081"}],"collection":[{"href":"https:\/\/www.mendoza.gov.ar\/catalogoeconomiasocial\/wp-json\/wp\/v2\/product"}],"about":[{"href":"https:\/\/www.mendoza.gov.ar\/catalogoeconomiasocial\/wp-json\/wp\/v2\/types\/product"}],"replies":[{"embeddable":true,"href":"https:\/\/www.mendoza.gov.ar\/catalogoeconomiasocial\/wp-json\/wp\/v2\/comments?post=50081"}],"wp:featuredmedia":[{"embeddable":true,"href":"https:\/\/www.mendoza.gov.ar\/catalogoeconomiasocial\/wp-json\/wp\/v2\/media\/49990"}],"wp:attachment":[{"href":"https:\/\/www.mendoza.gov.ar\/catalogoeconomiasocial\/wp-json\/wp\/v2\/media?parent=50081"}],"wp:term":[{"taxonomy":"product_cat","embeddable":true,"href":"https:\/\/www.mendoza.gov.ar\/catalogoeconomiasocial\/wp-json\/wp\/v2\/product_cat?post=50081"},{"taxonomy":"product_tag","embeddable":true,"href":"https:\/\/www.mendoza.gov.ar\/catalogoeconomiasocial\/wp-json\/wp\/v2\/product_tag?post=50081"}],"curies":[{"name":"wp","href":"https:\/\/api.w.org\/{rel}","templated":true}]}}