{"id":50300,"date":"2023-03-28T12:23:52","date_gmt":"2023-03-28T15:23:52","guid":{"rendered":"https:\/\/www.mendoza.gov.ar\/catalogoeconomiasocial\/?post_type=product&#038;p=50300"},"modified":"2023-03-28T12:24:28","modified_gmt":"2023-03-28T15:24:28","slug":"pretal-tipo-militar","status":"publish","type":"product","link":"https:\/\/www.mendoza.gov.ar\/catalogoeconomiasocial\/producto\/pretal-tipo-militar\/","title":{"rendered":"Pretal tipo Militar"},"content":{"rendered":"<!DOCTYPE html PUBLIC \"-\/\/W3C\/\/DTD HTML 4.0 Transitional\/\/EN\" \"http:\/\/www.w3.org\/TR\/REC-html40\/loose.dtd\">\n\n","protected":false},"excerpt":{"rendered":"Pretal tipo t\u00e1ctico, regulable, acolchado y reflectivo. Desde el talle S hasta el XL.. y tambi\u00e9n los hago a medida en casos especiales. Triple agarre, manual y anti tir\u00f3n\r\n\r\n&nbsp;\r\n\r\n\u2665 Para mejor atenci\u00f3n pueden pasarme las medidas de su mascota. Todos son regulables, pero igualmente es necesito para que les queden bien!!!","protected":false},"featured_media":50303,"comment_status":"open","ping_status":"closed","template":"","meta":[],"product_cat":[2034,6091],"product_tag":[6402,6401],"_links":{"self":[{"href":"https:\/\/www.mendoza.gov.ar\/catalogoeconomiasocial\/wp-json\/wp\/v2\/product\/50300"}],"collection":[{"href":"https:\/\/www.mendoza.gov.ar\/catalogoeconomiasocial\/wp-json\/wp\/v2\/product"}],"about":[{"href":"https:\/\/www.mendoza.gov.ar\/catalogoeconomiasocial\/wp-json\/wp\/v2\/types\/product"}],"replies":[{"embeddable":true,"href":"https:\/\/www.mendoza.gov.ar\/catalogoeconomiasocial\/wp-json\/wp\/v2\/comments?post=50300"}],"wp:featuredmedia":[{"embeddable":true,"href":"https:\/\/www.mendoza.gov.ar\/catalogoeconomiasocial\/wp-json\/wp\/v2\/media\/50303"}],"wp:attachment":[{"href":"https:\/\/www.mendoza.gov.ar\/catalogoeconomiasocial\/wp-json\/wp\/v2\/media?parent=50300"}],"wp:term":[{"taxonomy":"product_cat","embeddable":true,"href":"https:\/\/www.mendoza.gov.ar\/catalogoeconomiasocial\/wp-json\/wp\/v2\/product_cat?post=50300"},{"taxonomy":"product_tag","embeddable":true,"href":"https:\/\/www.mendoza.gov.ar\/catalogoeconomiasocial\/wp-json\/wp\/v2\/product_tag?post=50300"}],"curies":[{"name":"wp","href":"https:\/\/api.w.org\/{rel}","templated":true}]}}