{"id":50378,"date":"2023-03-29T11:41:40","date_gmt":"2023-03-29T14:41:40","guid":{"rendered":"https:\/\/www.mendoza.gov.ar\/catalogoeconomiasocial\/?post_type=product&#038;p=50378"},"modified":"2023-03-29T11:42:31","modified_gmt":"2023-03-29T14:42:31","slug":"duende-matero","status":"publish","type":"product","link":"https:\/\/www.mendoza.gov.ar\/catalogoeconomiasocial\/producto\/duende-matero\/","title":{"rendered":"Duende Matero"},"content":{"rendered":"<!DOCTYPE html PUBLIC \"-\/\/W3C\/\/DTD HTML 4.0 Transitional\/\/EN\" \"http:\/\/www.w3.org\/TR\/REC-html40\/loose.dtd\">\n\n","protected":false},"excerpt":{"rendered":"Buen acompa\u00f1ante y protector. Hecho en porcelana fr\u00eda, mide 25 cm\r\n<ul>\r\n \t<li>\u2665 \u2665 Hacemos duendes personalizados, pueden decidir el tipo de duende o la intenci\u00f3n que quieran que ese duende cumpla. El tama\u00f1o tambi\u00e9n es decisi\u00f3n del cliente si as\u00ed lo desea, todos estos productos son 100% artesanales y hecho con amor.<\/li>\r\n<\/ul>","protected":false},"featured_media":50383,"comment_status":"open","ping_status":"closed","template":"","meta":[],"product_cat":[6046,6058,6067],"product_tag":[341,592],"_links":{"self":[{"href":"https:\/\/www.mendoza.gov.ar\/catalogoeconomiasocial\/wp-json\/wp\/v2\/product\/50378"}],"collection":[{"href":"https:\/\/www.mendoza.gov.ar\/catalogoeconomiasocial\/wp-json\/wp\/v2\/product"}],"about":[{"href":"https:\/\/www.mendoza.gov.ar\/catalogoeconomiasocial\/wp-json\/wp\/v2\/types\/product"}],"replies":[{"embeddable":true,"href":"https:\/\/www.mendoza.gov.ar\/catalogoeconomiasocial\/wp-json\/wp\/v2\/comments?post=50378"}],"wp:featuredmedia":[{"embeddable":true,"href":"https:\/\/www.mendoza.gov.ar\/catalogoeconomiasocial\/wp-json\/wp\/v2\/media\/50383"}],"wp:attachment":[{"href":"https:\/\/www.mendoza.gov.ar\/catalogoeconomiasocial\/wp-json\/wp\/v2\/media?parent=50378"}],"wp:term":[{"taxonomy":"product_cat","embeddable":true,"href":"https:\/\/www.mendoza.gov.ar\/catalogoeconomiasocial\/wp-json\/wp\/v2\/product_cat?post=50378"},{"taxonomy":"product_tag","embeddable":true,"href":"https:\/\/www.mendoza.gov.ar\/catalogoeconomiasocial\/wp-json\/wp\/v2\/product_tag?post=50378"}],"curies":[{"name":"wp","href":"https:\/\/api.w.org\/{rel}","templated":true}]}}