{"id":50425,"date":"2023-03-29T13:56:31","date_gmt":"2023-03-29T16:56:31","guid":{"rendered":"https:\/\/www.mendoza.gov.ar\/catalogoeconomiasocial\/?post_type=product&#038;p=50425"},"modified":"2023-03-29T13:58:27","modified_gmt":"2023-03-29T16:58:27","slug":"portallaves-2","status":"publish","type":"product","link":"https:\/\/www.mendoza.gov.ar\/catalogoeconomiasocial\/producto\/portallaves-2\/","title":{"rendered":"Portallaves"},"content":{"rendered":"<!DOCTYPE html PUBLIC \"-\/\/W3C\/\/DTD HTML 4.0 Transitional\/\/EN\" \"http:\/\/www.w3.org\/TR\/REC-html40\/loose.dtd\">\n\n","protected":false},"excerpt":{"rendered":"Portallaves confeccionado en madera reciclada con ganchos atornilladas de alambre realizadas de forma artesanal, decorados con t\u00e9cnicas mixtas de pintura y decoupage. Sus medidas var\u00edan en funci\u00f3n de la cantidad de ganchos que posean, los cuales van desde 2 hasta 4 ganchos. Los ganchos vienen en 2 modelos diferentes: con forma de coraz\u00f3n o un modelo m\u00e1s simple con arabescos. Existen 2 versiones de portallaves: la primera con un estante peque\u00f1o y ganchos; la segunda solo con ganchos. Se encuentran totalmente impermeabilizados. Son modelos \u00fanicos y exclusivos.","protected":false},"featured_media":50428,"comment_status":"open","ping_status":"closed","template":"","meta":[],"product_cat":[6046,6058,6224],"product_tag":[548,6422,727],"_links":{"self":[{"href":"https:\/\/www.mendoza.gov.ar\/catalogoeconomiasocial\/wp-json\/wp\/v2\/product\/50425"}],"collection":[{"href":"https:\/\/www.mendoza.gov.ar\/catalogoeconomiasocial\/wp-json\/wp\/v2\/product"}],"about":[{"href":"https:\/\/www.mendoza.gov.ar\/catalogoeconomiasocial\/wp-json\/wp\/v2\/types\/product"}],"replies":[{"embeddable":true,"href":"https:\/\/www.mendoza.gov.ar\/catalogoeconomiasocial\/wp-json\/wp\/v2\/comments?post=50425"}],"wp:featuredmedia":[{"embeddable":true,"href":"https:\/\/www.mendoza.gov.ar\/catalogoeconomiasocial\/wp-json\/wp\/v2\/media\/50428"}],"wp:attachment":[{"href":"https:\/\/www.mendoza.gov.ar\/catalogoeconomiasocial\/wp-json\/wp\/v2\/media?parent=50425"}],"wp:term":[{"taxonomy":"product_cat","embeddable":true,"href":"https:\/\/www.mendoza.gov.ar\/catalogoeconomiasocial\/wp-json\/wp\/v2\/product_cat?post=50425"},{"taxonomy":"product_tag","embeddable":true,"href":"https:\/\/www.mendoza.gov.ar\/catalogoeconomiasocial\/wp-json\/wp\/v2\/product_tag?post=50425"}],"curies":[{"name":"wp","href":"https:\/\/api.w.org\/{rel}","templated":true}]}}