{"id":50586,"date":"2023-04-04T08:56:26","date_gmt":"2023-04-04T11:56:26","guid":{"rendered":"https:\/\/www.mendoza.gov.ar\/catalogoeconomiasocial\/?post_type=product&#038;p=50586"},"modified":"2023-04-04T08:56:26","modified_gmt":"2023-04-04T11:56:26","slug":"combo-%e2%98%85-%e2%86%92-neceser-pompon-cestita-organizadora","status":"publish","type":"product","link":"https:\/\/www.mendoza.gov.ar\/catalogoeconomiasocial\/producto\/combo-%e2%98%85-%e2%86%92-neceser-pompon-cestita-organizadora\/","title":{"rendered":"COMBO \u2605 \u2192 Neceser pomp\u00f3n + cestita organizadora"},"content":{"rendered":"<!DOCTYPE html PUBLIC \"-\/\/W3C\/\/DTD HTML 4.0 Transitional\/\/EN\" \"http:\/\/www.w3.org\/TR\/REC-html40\/loose.dtd\">\n\n","protected":false},"excerpt":{"rendered":"Un combo ideal para regalar o regalarte \ud83e\udd29 Ambos productos los podes usar para guardar lo que quieras! S\u00faper pr\u00e1cticos y \u00fatiles! La cestita puede ser con broche o cordoncito! Consultar estampas disponibles por Whatsapp \u2764\ufe0f","protected":false},"featured_media":50587,"comment_status":"open","ping_status":"closed","template":"","meta":[],"product_cat":[6046,6059,6060],"product_tag":[967,6454,665,1485],"_links":{"self":[{"href":"https:\/\/www.mendoza.gov.ar\/catalogoeconomiasocial\/wp-json\/wp\/v2\/product\/50586"}],"collection":[{"href":"https:\/\/www.mendoza.gov.ar\/catalogoeconomiasocial\/wp-json\/wp\/v2\/product"}],"about":[{"href":"https:\/\/www.mendoza.gov.ar\/catalogoeconomiasocial\/wp-json\/wp\/v2\/types\/product"}],"replies":[{"embeddable":true,"href":"https:\/\/www.mendoza.gov.ar\/catalogoeconomiasocial\/wp-json\/wp\/v2\/comments?post=50586"}],"wp:featuredmedia":[{"embeddable":true,"href":"https:\/\/www.mendoza.gov.ar\/catalogoeconomiasocial\/wp-json\/wp\/v2\/media\/50587"}],"wp:attachment":[{"href":"https:\/\/www.mendoza.gov.ar\/catalogoeconomiasocial\/wp-json\/wp\/v2\/media?parent=50586"}],"wp:term":[{"taxonomy":"product_cat","embeddable":true,"href":"https:\/\/www.mendoza.gov.ar\/catalogoeconomiasocial\/wp-json\/wp\/v2\/product_cat?post=50586"},{"taxonomy":"product_tag","embeddable":true,"href":"https:\/\/www.mendoza.gov.ar\/catalogoeconomiasocial\/wp-json\/wp\/v2\/product_tag?post=50586"}],"curies":[{"name":"wp","href":"https:\/\/api.w.org\/{rel}","templated":true}]}}