{"id":50629,"date":"2023-04-10T08:42:37","date_gmt":"2023-04-10T11:42:37","guid":{"rendered":"https:\/\/www.mendoza.gov.ar\/catalogoeconomiasocial\/?post_type=product&#038;p=50629"},"modified":"2023-06-16T09:13:39","modified_gmt":"2023-06-16T12:13:39","slug":"gorritos-de-lana-2","status":"publish","type":"product","link":"https:\/\/www.mendoza.gov.ar\/catalogoeconomiasocial\/producto\/gorritos-de-lana-2\/","title":{"rendered":"Gorritos de Lana"},"content":{"rendered":"<!DOCTYPE html PUBLIC \"-\/\/W3C\/\/DTD HTML 4.0 Transitional\/\/EN\" \"http:\/\/www.w3.org\/TR\/REC-html40\/loose.dtd\">\n\n","protected":false},"excerpt":{"rendered":"Los gorritos que confeccionamos est\u00e1n hechos con la t\u00e9cnica tricot, en doble lana para que sean m\u00e1s abrigados. El tama\u00f1o de los mismos es para adulto (circunferencia de cabeza 54\/59 cm) y de 23cm de largo. Tenemos distintos dise\u00f1os y combinaciones de colores. la composici\u00f3n de los mismos es acr\u00edlico para que no generen picaz\u00f3n en la zona de la frente","protected":false},"featured_media":50630,"comment_status":"open","ping_status":"closed","template":"","meta":[],"product_cat":[5923,6100,1290],"product_tag":[1040,6466,1460,843],"_links":{"self":[{"href":"https:\/\/www.mendoza.gov.ar\/catalogoeconomiasocial\/wp-json\/wp\/v2\/product\/50629"}],"collection":[{"href":"https:\/\/www.mendoza.gov.ar\/catalogoeconomiasocial\/wp-json\/wp\/v2\/product"}],"about":[{"href":"https:\/\/www.mendoza.gov.ar\/catalogoeconomiasocial\/wp-json\/wp\/v2\/types\/product"}],"replies":[{"embeddable":true,"href":"https:\/\/www.mendoza.gov.ar\/catalogoeconomiasocial\/wp-json\/wp\/v2\/comments?post=50629"}],"wp:featuredmedia":[{"embeddable":true,"href":"https:\/\/www.mendoza.gov.ar\/catalogoeconomiasocial\/wp-json\/wp\/v2\/media\/50630"}],"wp:attachment":[{"href":"https:\/\/www.mendoza.gov.ar\/catalogoeconomiasocial\/wp-json\/wp\/v2\/media?parent=50629"}],"wp:term":[{"taxonomy":"product_cat","embeddable":true,"href":"https:\/\/www.mendoza.gov.ar\/catalogoeconomiasocial\/wp-json\/wp\/v2\/product_cat?post=50629"},{"taxonomy":"product_tag","embeddable":true,"href":"https:\/\/www.mendoza.gov.ar\/catalogoeconomiasocial\/wp-json\/wp\/v2\/product_tag?post=50629"}],"curies":[{"name":"wp","href":"https:\/\/api.w.org\/{rel}","templated":true}]}}