{"id":5066,"date":"2018-06-29T12:32:15","date_gmt":"2018-06-29T15:32:15","guid":{"rendered":"http:\/\/catalogoeconomiasocial.wp1.mendoza.gov.ar\/?post_type=product&#038;p=5066"},"modified":"2022-10-05T12:31:18","modified_gmt":"2022-10-05T15:31:18","slug":"jardineria-auca-arte","status":"publish","type":"product","link":"https:\/\/www.mendoza.gov.ar\/catalogoeconomiasocial\/producto\/jardineria-auca-arte\/","title":{"rendered":"Macetas Pintadas con T\u00e9cnica de Mandalas"},"content":{"rendered":"<!DOCTYPE html PUBLIC \"-\/\/W3C\/\/DTD HTML 4.0 Transitional\/\/EN\" \"http:\/\/www.w3.org\/TR\/REC-html40\/loose.dtd\">\n\n","protected":false},"excerpt":{"rendered":"&nbsp;\r\n\r\n<strong>Descripci\u00f2n de los productos:\u00a0<\/strong>\r\n\r\nMaceta ollita, t\u00e9cnica Puntillismo, Macetas pintadas t\u00e9cnica Mandalas, Macetas c\u00f2nicas pintadas. Presentaci\u00f3n y packaging r\u00fasticos reciclado.","protected":false},"featured_media":6082,"comment_status":"open","ping_status":"closed","template":"","meta":[],"product_cat":[6046,6058,6080,6085],"product_tag":[2257,170,2195,2142,707,1744],"_links":{"self":[{"href":"https:\/\/www.mendoza.gov.ar\/catalogoeconomiasocial\/wp-json\/wp\/v2\/product\/5066"}],"collection":[{"href":"https:\/\/www.mendoza.gov.ar\/catalogoeconomiasocial\/wp-json\/wp\/v2\/product"}],"about":[{"href":"https:\/\/www.mendoza.gov.ar\/catalogoeconomiasocial\/wp-json\/wp\/v2\/types\/product"}],"replies":[{"embeddable":true,"href":"https:\/\/www.mendoza.gov.ar\/catalogoeconomiasocial\/wp-json\/wp\/v2\/comments?post=5066"}],"wp:featuredmedia":[{"embeddable":true,"href":"https:\/\/www.mendoza.gov.ar\/catalogoeconomiasocial\/wp-json\/wp\/v2\/media\/6082"}],"wp:attachment":[{"href":"https:\/\/www.mendoza.gov.ar\/catalogoeconomiasocial\/wp-json\/wp\/v2\/media?parent=5066"}],"wp:term":[{"taxonomy":"product_cat","embeddable":true,"href":"https:\/\/www.mendoza.gov.ar\/catalogoeconomiasocial\/wp-json\/wp\/v2\/product_cat?post=5066"},{"taxonomy":"product_tag","embeddable":true,"href":"https:\/\/www.mendoza.gov.ar\/catalogoeconomiasocial\/wp-json\/wp\/v2\/product_tag?post=5066"}],"curies":[{"name":"wp","href":"https:\/\/api.w.org\/{rel}","templated":true}]}}