{"id":50852,"date":"2023-04-26T09:30:23","date_gmt":"2023-04-26T12:30:23","guid":{"rendered":"https:\/\/www.mendoza.gov.ar\/catalogoeconomiasocial\/?post_type=product&#038;p=50852"},"modified":"2023-04-26T09:30:23","modified_gmt":"2023-04-26T12:30:23","slug":"vinchas-trenzadas","status":"publish","type":"product","link":"https:\/\/www.mendoza.gov.ar\/catalogoeconomiasocial\/producto\/vinchas-trenzadas\/","title":{"rendered":"Vinchas Trenzadas"},"content":{"rendered":"<!DOCTYPE html PUBLIC \"-\/\/W3C\/\/DTD HTML 4.0 Transitional\/\/EN\" \"http:\/\/www.w3.org\/TR\/REC-html40\/loose.dtd\">\n\n","protected":false},"excerpt":{"rendered":"El producto est\u00e1 elaborado con distintos tipos de texturas de tela, adheridas luego de ser cocidas y trenzadas firmemente, a una vincha pl\u00e1stica. El tama\u00f1o es universal, adapt\u00e1ndose a la mayor\u00eda de las cabezas de nuestros clientes. Los colores, texturas y el dise\u00f1o suelen variar entre cada elaboraci\u00f3n. El producto tiene como utilidad estilizar y mantener el cabello de forma prolija.","protected":false},"featured_media":50854,"comment_status":"open","ping_status":"closed","template":"","meta":[],"product_cat":[5923,6098,6107],"product_tag":[908],"_links":{"self":[{"href":"https:\/\/www.mendoza.gov.ar\/catalogoeconomiasocial\/wp-json\/wp\/v2\/product\/50852"}],"collection":[{"href":"https:\/\/www.mendoza.gov.ar\/catalogoeconomiasocial\/wp-json\/wp\/v2\/product"}],"about":[{"href":"https:\/\/www.mendoza.gov.ar\/catalogoeconomiasocial\/wp-json\/wp\/v2\/types\/product"}],"replies":[{"embeddable":true,"href":"https:\/\/www.mendoza.gov.ar\/catalogoeconomiasocial\/wp-json\/wp\/v2\/comments?post=50852"}],"wp:featuredmedia":[{"embeddable":true,"href":"https:\/\/www.mendoza.gov.ar\/catalogoeconomiasocial\/wp-json\/wp\/v2\/media\/50854"}],"wp:attachment":[{"href":"https:\/\/www.mendoza.gov.ar\/catalogoeconomiasocial\/wp-json\/wp\/v2\/media?parent=50852"}],"wp:term":[{"taxonomy":"product_cat","embeddable":true,"href":"https:\/\/www.mendoza.gov.ar\/catalogoeconomiasocial\/wp-json\/wp\/v2\/product_cat?post=50852"},{"taxonomy":"product_tag","embeddable":true,"href":"https:\/\/www.mendoza.gov.ar\/catalogoeconomiasocial\/wp-json\/wp\/v2\/product_tag?post=50852"}],"curies":[{"name":"wp","href":"https:\/\/api.w.org\/{rel}","templated":true}]}}