{"id":50856,"date":"2023-04-26T09:41:47","date_gmt":"2023-04-26T12:41:47","guid":{"rendered":"https:\/\/www.mendoza.gov.ar\/catalogoeconomiasocial\/?post_type=product&#038;p=50856"},"modified":"2023-04-26T09:41:48","modified_gmt":"2023-04-26T12:41:48","slug":"muneca-carito","status":"publish","type":"product","link":"https:\/\/www.mendoza.gov.ar\/catalogoeconomiasocial\/producto\/muneca-carito\/","title":{"rendered":"Mu\u00f1eca Carito"},"content":{"rendered":"<!DOCTYPE html PUBLIC \"-\/\/W3C\/\/DTD HTML 4.0 Transitional\/\/EN\" \"http:\/\/www.w3.org\/TR\/REC-html40\/loose.dtd\">\n\n","protected":false},"excerpt":{"rendered":"Esta mu\u00f1eca se ha dise\u00f1ada a partir de telas, rellenadas con material suave, adornos, lanas y otros materiales. Est\u00e1 pensada para satisfacer la necesidad de nuestros clientes mas peque\u00f1os o para adornar el ambiente de el resto de nuestros clientes. Tiene un tama\u00f1o de 30 cm. aproximados, pudiendo variar el tama\u00f1o de la misma seg\u00fan el modelo y la necesidad del cliente. Contamos con variedades de tipos y modelos de mu\u00f1equer\u00eda.","protected":false},"featured_media":50857,"comment_status":"open","ping_status":"closed","template":"","meta":[],"product_cat":[1065,6120,6159],"product_tag":[638,2168],"_links":{"self":[{"href":"https:\/\/www.mendoza.gov.ar\/catalogoeconomiasocial\/wp-json\/wp\/v2\/product\/50856"}],"collection":[{"href":"https:\/\/www.mendoza.gov.ar\/catalogoeconomiasocial\/wp-json\/wp\/v2\/product"}],"about":[{"href":"https:\/\/www.mendoza.gov.ar\/catalogoeconomiasocial\/wp-json\/wp\/v2\/types\/product"}],"replies":[{"embeddable":true,"href":"https:\/\/www.mendoza.gov.ar\/catalogoeconomiasocial\/wp-json\/wp\/v2\/comments?post=50856"}],"wp:featuredmedia":[{"embeddable":true,"href":"https:\/\/www.mendoza.gov.ar\/catalogoeconomiasocial\/wp-json\/wp\/v2\/media\/50857"}],"wp:attachment":[{"href":"https:\/\/www.mendoza.gov.ar\/catalogoeconomiasocial\/wp-json\/wp\/v2\/media?parent=50856"}],"wp:term":[{"taxonomy":"product_cat","embeddable":true,"href":"https:\/\/www.mendoza.gov.ar\/catalogoeconomiasocial\/wp-json\/wp\/v2\/product_cat?post=50856"},{"taxonomy":"product_tag","embeddable":true,"href":"https:\/\/www.mendoza.gov.ar\/catalogoeconomiasocial\/wp-json\/wp\/v2\/product_tag?post=50856"}],"curies":[{"name":"wp","href":"https:\/\/api.w.org\/{rel}","templated":true}]}}