{"id":50887,"date":"2023-04-26T13:44:07","date_gmt":"2023-04-26T16:44:07","guid":{"rendered":"https:\/\/www.mendoza.gov.ar\/catalogoeconomiasocial\/?post_type=product&#038;p=50887"},"modified":"2023-06-01T13:53:14","modified_gmt":"2023-06-01T16:53:14","slug":"licor-irlandes-mendublin-botella-500-cc","status":"publish","type":"product","link":"https:\/\/www.mendoza.gov.ar\/catalogoeconomiasocial\/producto\/licor-irlandes-mendublin-botella-500-cc\/","title":{"rendered":"Licor Tipo Irland\u00e9s en Botella de 500 cc"},"content":{"rendered":"<!DOCTYPE html PUBLIC \"-\/\/W3C\/\/DTD HTML 4.0 Transitional\/\/EN\" \"http:\/\/www.w3.org\/TR\/REC-html40\/loose.dtd\">\n\n","protected":false},"excerpt":{"rendered":"Licores artesanales de crema irlandesa realizados a base de whisky y crema. Viene en ocho variedades Cl\u00e1sico (vainilla, caf\u00e9 y chocolate), Caf\u00e9, Chocolate, Dulce de Leche, Avellana (pasta de avellana con chocolate negro), ManiBon (pasta de bon o bon y chocolate blanco), ManiCol (pasta de mantecol) y Man\u00ed (pasta de man\u00ed). Actualmente, Mendublin Licores cuenta con habilitaci\u00f3n comercial, y se encuentran en gesti\u00f3n RNE y RNPA.","protected":false},"featured_media":50890,"comment_status":"open","ping_status":"closed","template":"","meta":[],"product_cat":[5946,6002,6003,6007],"product_tag":[6514],"_links":{"self":[{"href":"https:\/\/www.mendoza.gov.ar\/catalogoeconomiasocial\/wp-json\/wp\/v2\/product\/50887"}],"collection":[{"href":"https:\/\/www.mendoza.gov.ar\/catalogoeconomiasocial\/wp-json\/wp\/v2\/product"}],"about":[{"href":"https:\/\/www.mendoza.gov.ar\/catalogoeconomiasocial\/wp-json\/wp\/v2\/types\/product"}],"replies":[{"embeddable":true,"href":"https:\/\/www.mendoza.gov.ar\/catalogoeconomiasocial\/wp-json\/wp\/v2\/comments?post=50887"}],"wp:featuredmedia":[{"embeddable":true,"href":"https:\/\/www.mendoza.gov.ar\/catalogoeconomiasocial\/wp-json\/wp\/v2\/media\/50890"}],"wp:attachment":[{"href":"https:\/\/www.mendoza.gov.ar\/catalogoeconomiasocial\/wp-json\/wp\/v2\/media?parent=50887"}],"wp:term":[{"taxonomy":"product_cat","embeddable":true,"href":"https:\/\/www.mendoza.gov.ar\/catalogoeconomiasocial\/wp-json\/wp\/v2\/product_cat?post=50887"},{"taxonomy":"product_tag","embeddable":true,"href":"https:\/\/www.mendoza.gov.ar\/catalogoeconomiasocial\/wp-json\/wp\/v2\/product_tag?post=50887"}],"curies":[{"name":"wp","href":"https:\/\/api.w.org\/{rel}","templated":true}]}}