{"id":50891,"date":"2023-04-26T13:50:56","date_gmt":"2023-04-26T16:50:56","guid":{"rendered":"https:\/\/www.mendoza.gov.ar\/catalogoeconomiasocial\/?post_type=product&#038;p=50891"},"modified":"2023-09-26T10:20:17","modified_gmt":"2023-09-26T13:20:17","slug":"licor-mendublin-botella-250-cc","status":"publish","type":"product","link":"https:\/\/www.mendoza.gov.ar\/catalogoeconomiasocial\/producto\/licor-mendublin-botella-250-cc\/","title":{"rendered":"Licor Tipo Irlandes en Botella de 250 cc"},"content":{"rendered":"<!DOCTYPE html PUBLIC \"-\/\/W3C\/\/DTD HTML 4.0 Transitional\/\/EN\" \"http:\/\/www.w3.org\/TR\/REC-html40\/loose.dtd\">\n\n","protected":false},"excerpt":{"rendered":"Licores artesanales de crema irlandesa realizados a base de whisky y crema. Viene en ocho variedades Cl\u00e1sico (vainilla, caf\u00e9 y chocolate), Caf\u00e9, Chocolate, Dulce de Leche, Avellana (pasta de avellana con chocolate negro), ManiBon (pasta de bon o bon y chocolate blanco), ManiCol (pasta de mantecol) y Man\u00ed (pasta de man\u00ed). Actualmente, Mendublin Licores cuenta con habilitaci\u00f3n comercial, y se encuentran en gesti\u00f3n RNE y RNPA.","protected":false},"featured_media":50893,"comment_status":"open","ping_status":"closed","template":"","meta":[],"product_cat":[6762,5946,6002,6003,6007],"product_tag":[6516,6517,6515],"_links":{"self":[{"href":"https:\/\/www.mendoza.gov.ar\/catalogoeconomiasocial\/wp-json\/wp\/v2\/product\/50891"}],"collection":[{"href":"https:\/\/www.mendoza.gov.ar\/catalogoeconomiasocial\/wp-json\/wp\/v2\/product"}],"about":[{"href":"https:\/\/www.mendoza.gov.ar\/catalogoeconomiasocial\/wp-json\/wp\/v2\/types\/product"}],"replies":[{"embeddable":true,"href":"https:\/\/www.mendoza.gov.ar\/catalogoeconomiasocial\/wp-json\/wp\/v2\/comments?post=50891"}],"wp:featuredmedia":[{"embeddable":true,"href":"https:\/\/www.mendoza.gov.ar\/catalogoeconomiasocial\/wp-json\/wp\/v2\/media\/50893"}],"wp:attachment":[{"href":"https:\/\/www.mendoza.gov.ar\/catalogoeconomiasocial\/wp-json\/wp\/v2\/media?parent=50891"}],"wp:term":[{"taxonomy":"product_cat","embeddable":true,"href":"https:\/\/www.mendoza.gov.ar\/catalogoeconomiasocial\/wp-json\/wp\/v2\/product_cat?post=50891"},{"taxonomy":"product_tag","embeddable":true,"href":"https:\/\/www.mendoza.gov.ar\/catalogoeconomiasocial\/wp-json\/wp\/v2\/product_tag?post=50891"}],"curies":[{"name":"wp","href":"https:\/\/api.w.org\/{rel}","templated":true}]}}