{"id":50943,"date":"2023-05-04T10:21:22","date_gmt":"2023-05-04T13:21:22","guid":{"rendered":"https:\/\/www.mendoza.gov.ar\/catalogoeconomiasocial\/?post_type=product&#038;p=50943"},"modified":"2023-05-04T10:21:45","modified_gmt":"2023-05-04T13:21:45","slug":"almohadilla-lumbar","status":"publish","type":"product","link":"https:\/\/www.mendoza.gov.ar\/catalogoeconomiasocial\/producto\/almohadilla-lumbar\/","title":{"rendered":"Almohadilla Lumbar"},"content":{"rendered":"<!DOCTYPE html PUBLIC \"-\/\/W3C\/\/DTD HTML 4.0 Transitional\/\/EN\" \"http:\/\/www.w3.org\/TR\/REC-html40\/loose.dtd\">\n\n","protected":false},"excerpt":{"rendered":"Almohadillas de semillas, elaboradas con tela 100% algod\u00f3n, rellenas con semillas de mijo , lavanda y romero. Lumbar sin funda.de 28 x 18 cm. Tambi\u00e9n podes encontrar antifaces .\r\n<ul>\r\n \t<li>Las almohadillas de semillas se realizan en gran variedad de dise\u00f1os de telas y tama\u00f1os. Realizamos entrega a domicilio con un costo adicional. Los accesorios bordados a mano: llaveros y colgantes, tambi\u00e9n se hacen a pedido.<\/li>\r\n<\/ul>","protected":false},"featured_media":50944,"comment_status":"open","ping_status":"closed","template":"","meta":[],"product_cat":[6143,6530],"product_tag":[6533,6535,6534],"_links":{"self":[{"href":"https:\/\/www.mendoza.gov.ar\/catalogoeconomiasocial\/wp-json\/wp\/v2\/product\/50943"}],"collection":[{"href":"https:\/\/www.mendoza.gov.ar\/catalogoeconomiasocial\/wp-json\/wp\/v2\/product"}],"about":[{"href":"https:\/\/www.mendoza.gov.ar\/catalogoeconomiasocial\/wp-json\/wp\/v2\/types\/product"}],"replies":[{"embeddable":true,"href":"https:\/\/www.mendoza.gov.ar\/catalogoeconomiasocial\/wp-json\/wp\/v2\/comments?post=50943"}],"wp:featuredmedia":[{"embeddable":true,"href":"https:\/\/www.mendoza.gov.ar\/catalogoeconomiasocial\/wp-json\/wp\/v2\/media\/50944"}],"wp:attachment":[{"href":"https:\/\/www.mendoza.gov.ar\/catalogoeconomiasocial\/wp-json\/wp\/v2\/media?parent=50943"}],"wp:term":[{"taxonomy":"product_cat","embeddable":true,"href":"https:\/\/www.mendoza.gov.ar\/catalogoeconomiasocial\/wp-json\/wp\/v2\/product_cat?post=50943"},{"taxonomy":"product_tag","embeddable":true,"href":"https:\/\/www.mendoza.gov.ar\/catalogoeconomiasocial\/wp-json\/wp\/v2\/product_tag?post=50943"}],"curies":[{"name":"wp","href":"https:\/\/api.w.org\/{rel}","templated":true}]}}