{"id":51303,"date":"2023-06-01T10:42:06","date_gmt":"2023-06-01T13:42:06","guid":{"rendered":"https:\/\/www.mendoza.gov.ar\/catalogoeconomiasocial\/?post_type=product&#038;p=51303"},"modified":"2023-06-01T10:42:06","modified_gmt":"2023-06-01T13:42:06","slug":"imanes-para-la-heladera-3","status":"publish","type":"product","link":"https:\/\/www.mendoza.gov.ar\/catalogoeconomiasocial\/producto\/imanes-para-la-heladera-3\/","title":{"rendered":"Imanes para la Heladera"},"content":{"rendered":"<!DOCTYPE html PUBLIC \"-\/\/W3C\/\/DTD HTML 4.0 Transitional\/\/EN\" \"http:\/\/www.w3.org\/TR\/REC-html40\/loose.dtd\">\n\n","protected":false},"excerpt":{"rendered":"El im\u00e1n de 5&#215;5 es un peque\u00f1o objeto decorativo que se puede adherir a superficies met\u00e1licas, como refrigeradores, tableros magn\u00e9ticos, y m\u00e1s. Este im\u00e1n est\u00e1 decorado con ilustraciones de caracter\u00edsticas de Mendoza, incluyendo flora, fauna, leyendas, monta\u00f1as, lugares y jerga, lo que lo hace visualmente atractivo y \u00fanico. Cada ilustraci\u00f3n en el im\u00e1n est\u00e1 dise\u00f1ada con detalles cuidadosos y colores vibrantes, lo que hace que sea f\u00e1cilmente reconocible como parte de la rica cultura y patrimonio de Mendoza. Adem\u00e1s, las ilustraciones son tiernas y evocadoras de un sentimiento de cari\u00f1o, lo que las hace a\u00fan m\u00e1s atractivas para los amantes de la naturaleza y la cultura. Este im\u00e1n de 5&#215;5 es un gran recuerdo de Mendoza, ya sea que lo compres para ti mismo o para regalarlo a alguien especial. Puedes usarlo para decorar tu hogar, oficina o cualquier lugar que tenga superficies met\u00e1licas, a\u00f1adiendo un toque de color y personalidad. Cada vez que lo veas, te sacar\u00e1 una sonrisa y te recordar\u00e1 la belleza y singularidad de Mendoza.","protected":false},"featured_media":51304,"comment_status":"open","ping_status":"closed","template":"","meta":[],"product_cat":[6046,6053,6525],"product_tag":[6609,1046,3808,1750,1171],"_links":{"self":[{"href":"https:\/\/www.mendoza.gov.ar\/catalogoeconomiasocial\/wp-json\/wp\/v2\/product\/51303"}],"collection":[{"href":"https:\/\/www.mendoza.gov.ar\/catalogoeconomiasocial\/wp-json\/wp\/v2\/product"}],"about":[{"href":"https:\/\/www.mendoza.gov.ar\/catalogoeconomiasocial\/wp-json\/wp\/v2\/types\/product"}],"replies":[{"embeddable":true,"href":"https:\/\/www.mendoza.gov.ar\/catalogoeconomiasocial\/wp-json\/wp\/v2\/comments?post=51303"}],"wp:featuredmedia":[{"embeddable":true,"href":"https:\/\/www.mendoza.gov.ar\/catalogoeconomiasocial\/wp-json\/wp\/v2\/media\/51304"}],"wp:attachment":[{"href":"https:\/\/www.mendoza.gov.ar\/catalogoeconomiasocial\/wp-json\/wp\/v2\/media?parent=51303"}],"wp:term":[{"taxonomy":"product_cat","embeddable":true,"href":"https:\/\/www.mendoza.gov.ar\/catalogoeconomiasocial\/wp-json\/wp\/v2\/product_cat?post=51303"},{"taxonomy":"product_tag","embeddable":true,"href":"https:\/\/www.mendoza.gov.ar\/catalogoeconomiasocial\/wp-json\/wp\/v2\/product_tag?post=51303"}],"curies":[{"name":"wp","href":"https:\/\/api.w.org\/{rel}","templated":true}]}}