{"id":51405,"date":"2023-06-15T10:59:40","date_gmt":"2023-06-15T13:59:40","guid":{"rendered":"https:\/\/www.mendoza.gov.ar\/catalogoeconomiasocial\/?post_type=product&#038;p=51405"},"modified":"2023-06-22T11:26:43","modified_gmt":"2023-06-22T14:26:43","slug":"muneco-de-apego","status":"publish","type":"product","link":"https:\/\/www.mendoza.gov.ar\/catalogoeconomiasocial\/producto\/muneco-de-apego\/","title":{"rendered":"Mu\u00f1eco de Apego"},"content":{"rendered":"<!DOCTYPE html PUBLIC \"-\/\/W3C\/\/DTD HTML 4.0 Transitional\/\/EN\" \"http:\/\/www.w3.org\/TR\/REC-html40\/loose.dtd\">\n\n","protected":false},"excerpt":{"rendered":"Su funci\u00f3n es darle sensaci\u00f3n de acompa\u00f1amiento, confianza y protecci\u00f3n. Esto le permite al\ud83d\udc76\ud83c\udffd tolerar la separaci\u00f3n de la mam\u00e1 con m\u00e1s calma y tranquilizarse ante su ausencia. Es decir, lo ayuda a independizarse emocionalmente. Por eso tambi\u00e9n se lo llama \u201cobjeto transicional\u201d.","protected":false},"featured_media":51406,"comment_status":"open","ping_status":"closed","template":"","meta":[],"product_cat":[1065,6120],"product_tag":[516,2173,2180],"_links":{"self":[{"href":"https:\/\/www.mendoza.gov.ar\/catalogoeconomiasocial\/wp-json\/wp\/v2\/product\/51405"}],"collection":[{"href":"https:\/\/www.mendoza.gov.ar\/catalogoeconomiasocial\/wp-json\/wp\/v2\/product"}],"about":[{"href":"https:\/\/www.mendoza.gov.ar\/catalogoeconomiasocial\/wp-json\/wp\/v2\/types\/product"}],"replies":[{"embeddable":true,"href":"https:\/\/www.mendoza.gov.ar\/catalogoeconomiasocial\/wp-json\/wp\/v2\/comments?post=51405"}],"wp:featuredmedia":[{"embeddable":true,"href":"https:\/\/www.mendoza.gov.ar\/catalogoeconomiasocial\/wp-json\/wp\/v2\/media\/51406"}],"wp:attachment":[{"href":"https:\/\/www.mendoza.gov.ar\/catalogoeconomiasocial\/wp-json\/wp\/v2\/media?parent=51405"}],"wp:term":[{"taxonomy":"product_cat","embeddable":true,"href":"https:\/\/www.mendoza.gov.ar\/catalogoeconomiasocial\/wp-json\/wp\/v2\/product_cat?post=51405"},{"taxonomy":"product_tag","embeddable":true,"href":"https:\/\/www.mendoza.gov.ar\/catalogoeconomiasocial\/wp-json\/wp\/v2\/product_tag?post=51405"}],"curies":[{"name":"wp","href":"https:\/\/api.w.org\/{rel}","templated":true}]}}