{"id":51459,"date":"2023-06-22T14:07:32","date_gmt":"2023-06-22T17:07:32","guid":{"rendered":"https:\/\/www.mendoza.gov.ar\/catalogoeconomiasocial\/?post_type=product&#038;p=51459"},"modified":"2023-09-26T10:05:54","modified_gmt":"2023-09-26T13:05:54","slug":"perros-de-madera-paco-y-coco","status":"publish","type":"product","link":"https:\/\/www.mendoza.gov.ar\/catalogoeconomiasocial\/producto\/perros-de-madera-paco-y-coco\/","title":{"rendered":"Mu\u00f1ecos de Madera &#8220;Perros&#8221;"},"content":{"rendered":"<!DOCTYPE html PUBLIC \"-\/\/W3C\/\/DTD HTML 4.0 Transitional\/\/EN\" \"http:\/\/www.w3.org\/TR\/REC-html40\/loose.dtd\">\n\n","protected":false},"excerpt":{"rendered":"<div class=\"pYfr3c\">\r\n<div class=\"prOLdf\">\r\n<div class=\"g53bl\">\r\n<div class=\"cTDvob D1wxyf RjsPE\" role=\"heading\" aria-level=\"3\" aria-describedby=\"i.desc.2137743983 c1842\"><span class=\"M7eMe\">Descripci\u00f3n del Producto\/Servicio 3<\/span><span class=\"rAXpye\" aria-label=\"Pregunta obligatoria\">*<\/span><\/div>\r\n<\/div>\r\n<div id=\"i.desc.2137743983\" class=\"hyJi2e OIC90c RjsPE\">Describa las caracter\u00edsticas del producto o servicio que ofrece, considerando: utilidad, composici\u00f3n, cantidades, medidas, tama\u00f1os, talles, si cuenta con certificaciones especiales (por ejemplo RNE, RNPA) etc<\/div>\r\n<\/div>\r\n<\/div>\r\n<div class=\"Ih4Dzb\">\r\n<div class=\"q4tvle JqSWld yqQS1\">\u2022 Busca t\u00fa estilo. \u2022 Personaliza a t\u00fa medida. \u2713 Descripci\u00f3n: \u2022 Altura: 12 ctms. aproximado. \u2022 Precio el par. \u2713 Caracter\u00edsticas: \u2022 Hecho a mano. \u2022 Productos seleccionados. \u2022 Cuidamos lo natural. \u2713 Trabajos: \u2022 A pedido. \u2022 Foto ilustrativa. \u2022 Pieza para exhibir.<\/div>\r\n<\/div>","protected":false},"featured_media":51461,"comment_status":"open","ping_status":"closed","template":"","meta":[],"product_cat":[6762,6046,6058,6067,6614],"product_tag":[6616,6615,6413],"_links":{"self":[{"href":"https:\/\/www.mendoza.gov.ar\/catalogoeconomiasocial\/wp-json\/wp\/v2\/product\/51459"}],"collection":[{"href":"https:\/\/www.mendoza.gov.ar\/catalogoeconomiasocial\/wp-json\/wp\/v2\/product"}],"about":[{"href":"https:\/\/www.mendoza.gov.ar\/catalogoeconomiasocial\/wp-json\/wp\/v2\/types\/product"}],"replies":[{"embeddable":true,"href":"https:\/\/www.mendoza.gov.ar\/catalogoeconomiasocial\/wp-json\/wp\/v2\/comments?post=51459"}],"wp:featuredmedia":[{"embeddable":true,"href":"https:\/\/www.mendoza.gov.ar\/catalogoeconomiasocial\/wp-json\/wp\/v2\/media\/51461"}],"wp:attachment":[{"href":"https:\/\/www.mendoza.gov.ar\/catalogoeconomiasocial\/wp-json\/wp\/v2\/media?parent=51459"}],"wp:term":[{"taxonomy":"product_cat","embeddable":true,"href":"https:\/\/www.mendoza.gov.ar\/catalogoeconomiasocial\/wp-json\/wp\/v2\/product_cat?post=51459"},{"taxonomy":"product_tag","embeddable":true,"href":"https:\/\/www.mendoza.gov.ar\/catalogoeconomiasocial\/wp-json\/wp\/v2\/product_tag?post=51459"}],"curies":[{"name":"wp","href":"https:\/\/api.w.org\/{rel}","templated":true}]}}