{"id":51494,"date":"2023-07-07T09:46:52","date_gmt":"2023-07-07T12:46:52","guid":{"rendered":"https:\/\/www.mendoza.gov.ar\/catalogoeconomiasocial\/?post_type=product&#038;p=51494"},"modified":"2023-07-07T09:46:52","modified_gmt":"2023-07-07T12:46:52","slug":"aromas-terapeuticos-en-roll-on","status":"publish","type":"product","link":"https:\/\/www.mendoza.gov.ar\/catalogoeconomiasocial\/producto\/aromas-terapeuticos-en-roll-on\/","title":{"rendered":"Aromas Terap\u00e9uticos en Roll On"},"content":{"rendered":"<!DOCTYPE html PUBLIC \"-\/\/W3C\/\/DTD HTML 4.0 Transitional\/\/EN\" \"http:\/\/www.w3.org\/TR\/REC-html40\/loose.dtd\">\n\n","protected":false},"excerpt":{"rendered":"Les compartimos estos amuletos maravillosos\ud83e\udd32\u2728\ufe0f en formato roll on\ud83e\udd17 . Es una poderosa mezcla de aceites esenciales y aceite de jojoba. . Podes usarlo de perfumito o bien un rescate directo y plant\u00edstico en casos de estr\u00e9s, ira, baj\u00f3n, para mimir o para brillar \ud83e\udeac\u2728\ufe0f . Cada uno tiene su prop\u00f3sito, sin embargo vos podes darle el que vos sientas ..pues lo bello de las plantas es que tienen infinitas culidades y poderes m\u00e1gicos\ud83c\udf1f\ud83c\udf31\ud83c\udfe1 . Espejo lunar blanco: AE canela, cedro y naranja . Luna de cristal: AE jazmin, neroli . Viento r\u00edtmico: AE menta, Tea tree, ylang Ylang . Caminante del cielo: AE pachuli, cipr\u00e9s, bergamota","protected":false},"featured_media":51495,"comment_status":"open","ping_status":"closed","template":"","meta":[],"product_cat":[6143,6145],"product_tag":[6748,1519,6750,6749],"_links":{"self":[{"href":"https:\/\/www.mendoza.gov.ar\/catalogoeconomiasocial\/wp-json\/wp\/v2\/product\/51494"}],"collection":[{"href":"https:\/\/www.mendoza.gov.ar\/catalogoeconomiasocial\/wp-json\/wp\/v2\/product"}],"about":[{"href":"https:\/\/www.mendoza.gov.ar\/catalogoeconomiasocial\/wp-json\/wp\/v2\/types\/product"}],"replies":[{"embeddable":true,"href":"https:\/\/www.mendoza.gov.ar\/catalogoeconomiasocial\/wp-json\/wp\/v2\/comments?post=51494"}],"wp:featuredmedia":[{"embeddable":true,"href":"https:\/\/www.mendoza.gov.ar\/catalogoeconomiasocial\/wp-json\/wp\/v2\/media\/51495"}],"wp:attachment":[{"href":"https:\/\/www.mendoza.gov.ar\/catalogoeconomiasocial\/wp-json\/wp\/v2\/media?parent=51494"}],"wp:term":[{"taxonomy":"product_cat","embeddable":true,"href":"https:\/\/www.mendoza.gov.ar\/catalogoeconomiasocial\/wp-json\/wp\/v2\/product_cat?post=51494"},{"taxonomy":"product_tag","embeddable":true,"href":"https:\/\/www.mendoza.gov.ar\/catalogoeconomiasocial\/wp-json\/wp\/v2\/product_tag?post=51494"}],"curies":[{"name":"wp","href":"https:\/\/api.w.org\/{rel}","templated":true}]}}