{"id":51498,"date":"2023-07-07T09:50:56","date_gmt":"2023-07-07T12:50:56","guid":{"rendered":"https:\/\/www.mendoza.gov.ar\/catalogoeconomiasocial\/?post_type=product&#038;p=51498"},"modified":"2023-07-07T09:50:56","modified_gmt":"2023-07-07T12:50:56","slug":"unguentos-terapeuticos","status":"publish","type":"product","link":"https:\/\/www.mendoza.gov.ar\/catalogoeconomiasocial\/producto\/unguentos-terapeuticos\/","title":{"rendered":"Ung\u00fcentos Terap\u00e9uticos"},"content":{"rendered":"<!DOCTYPE html PUBLIC \"-\/\/W3C\/\/DTD HTML 4.0 Transitional\/\/EN\" \"http:\/\/www.w3.org\/TR\/REC-html40\/loose.dtd\">\n\n","protected":false},"excerpt":{"rendered":"P\u00f3cimas magistrales para acompa\u00f1ar sus d\u00edas\ud83e\udd29\ud83e\udd17 . \ud835\ude46\ud835\ude6a\ud835\ude68\ud835\ude5d\ud835\ude5a p\u00f3cima de la luna\ud83c\udf1c\ud83c\udf1b\ud83c\udf1a\ud83c\udf14\ud83c\udf19\ud83c\udf18 . Aplicar sobre la zona del \u00fatero con masajes circulares, dandole calorcito y amor a nuestro centro creativo. Podes hacerte masajito tambi\u00e9n en la parte de cintura baja.. que belloor . \ud835\ude49\ud835\ude5a\ud835\ude6e\ud835\ude6a\ud835\ude63 p\u00f3cima de invierno. Ideal para masajito en el pecho y en la planta de los pies..para aliviar la v\u00eda respiratoria y acompa\u00f1ar paspadura de nariz..de tanto moco\ud83e\udd27 . \ud835\ude4b\ud835\ude5a\ud835\ude6c\ud835\ude62\ud835\ude56 p\u00f3cima para piernas cansadas y contracturas. . Ya sabes despues de tu rutina deportiva \ud83e\udd38\u200d\u2640\ufe0fun d\u00eda agitado o simplemente porque SI\ud83e\uddd6\u200d\u2640\ufe0f, automimate con unos masajiitos\ud83e\udd32\ud83c\udffd . &#8220;Hoy es Venus y tu cuerpa lo sabe&#8221;","protected":false},"featured_media":51501,"comment_status":"open","ping_status":"closed","template":"","meta":[],"product_cat":[6143,6144],"product_tag":[278],"_links":{"self":[{"href":"https:\/\/www.mendoza.gov.ar\/catalogoeconomiasocial\/wp-json\/wp\/v2\/product\/51498"}],"collection":[{"href":"https:\/\/www.mendoza.gov.ar\/catalogoeconomiasocial\/wp-json\/wp\/v2\/product"}],"about":[{"href":"https:\/\/www.mendoza.gov.ar\/catalogoeconomiasocial\/wp-json\/wp\/v2\/types\/product"}],"replies":[{"embeddable":true,"href":"https:\/\/www.mendoza.gov.ar\/catalogoeconomiasocial\/wp-json\/wp\/v2\/comments?post=51498"}],"wp:featuredmedia":[{"embeddable":true,"href":"https:\/\/www.mendoza.gov.ar\/catalogoeconomiasocial\/wp-json\/wp\/v2\/media\/51501"}],"wp:attachment":[{"href":"https:\/\/www.mendoza.gov.ar\/catalogoeconomiasocial\/wp-json\/wp\/v2\/media?parent=51498"}],"wp:term":[{"taxonomy":"product_cat","embeddable":true,"href":"https:\/\/www.mendoza.gov.ar\/catalogoeconomiasocial\/wp-json\/wp\/v2\/product_cat?post=51498"},{"taxonomy":"product_tag","embeddable":true,"href":"https:\/\/www.mendoza.gov.ar\/catalogoeconomiasocial\/wp-json\/wp\/v2\/product_tag?post=51498"}],"curies":[{"name":"wp","href":"https:\/\/api.w.org\/{rel}","templated":true}]}}