{"id":51602,"date":"2023-08-07T11:59:07","date_gmt":"2023-08-07T14:59:07","guid":{"rendered":"https:\/\/www.mendoza.gov.ar\/catalogoeconomiasocial\/?post_type=product&#038;p=51602"},"modified":"2023-11-03T09:50:55","modified_gmt":"2023-11-03T12:50:55","slug":"juegos-sustentables-para-el-dia-de-las-infancias","status":"publish","type":"product","link":"https:\/\/www.mendoza.gov.ar\/catalogoeconomiasocial\/producto\/juegos-sustentables-para-el-dia-de-las-infancias\/","title":{"rendered":"Juegos Sustentables para el D\u00eda de las Infancias"},"content":{"rendered":"<!DOCTYPE html PUBLIC \"-\/\/W3C\/\/DTD HTML 4.0 Transitional\/\/EN\" \"http:\/\/www.w3.org\/TR\/REC-html40\/loose.dtd\">\n\n","protected":false},"excerpt":{"rendered":"\u00a1En el #MesDeLasInfancias, eleg\u00ed regalos sustentables!! \u267b\ufe0f\ud83c\udf89\r\n\r\nCelebr\u00e1 a las infancias con regalos que transmitan un mensaje \u267b\ufe0f\ud83c\udf0e y un prop\u00f3sito. Descubr\u00ed 2 productos nuevos dise\u00f1ados por el Laboratorio de Juegos, un proyecto innovador que une a cooperativas de recuperadores\/as y la UNCUYO. Estos productos est\u00e1n elaborados a partir de materiales reciclados, promoviendo valores de responsabilidad social, econ\u00f3mica y ambiental.\r\nPod\u00e9s pedir tu juego por tel\u00e9fono a los n\u00fameros 261- 2699965 (Gisell), 261- 5553065 (Celeste) o al mail: esauncuyo@gmail.com.\r\n\r\n#JuegosSostenibles #LaboratorioDeJuegos #UNCUYO #RegalosConImpacto #ConsumoConsciente","protected":false},"featured_media":51603,"comment_status":"open","ping_status":"closed","template":"","meta":[],"product_cat":[1065],"product_tag":[6940,6771],"_links":{"self":[{"href":"https:\/\/www.mendoza.gov.ar\/catalogoeconomiasocial\/wp-json\/wp\/v2\/product\/51602"}],"collection":[{"href":"https:\/\/www.mendoza.gov.ar\/catalogoeconomiasocial\/wp-json\/wp\/v2\/product"}],"about":[{"href":"https:\/\/www.mendoza.gov.ar\/catalogoeconomiasocial\/wp-json\/wp\/v2\/types\/product"}],"replies":[{"embeddable":true,"href":"https:\/\/www.mendoza.gov.ar\/catalogoeconomiasocial\/wp-json\/wp\/v2\/comments?post=51602"}],"wp:featuredmedia":[{"embeddable":true,"href":"https:\/\/www.mendoza.gov.ar\/catalogoeconomiasocial\/wp-json\/wp\/v2\/media\/51603"}],"wp:attachment":[{"href":"https:\/\/www.mendoza.gov.ar\/catalogoeconomiasocial\/wp-json\/wp\/v2\/media?parent=51602"}],"wp:term":[{"taxonomy":"product_cat","embeddable":true,"href":"https:\/\/www.mendoza.gov.ar\/catalogoeconomiasocial\/wp-json\/wp\/v2\/product_cat?post=51602"},{"taxonomy":"product_tag","embeddable":true,"href":"https:\/\/www.mendoza.gov.ar\/catalogoeconomiasocial\/wp-json\/wp\/v2\/product_tag?post=51602"}],"curies":[{"name":"wp","href":"https:\/\/api.w.org\/{rel}","templated":true}]}}