{"id":51622,"date":"2023-08-08T13:03:38","date_gmt":"2023-08-08T16:03:38","guid":{"rendered":"https:\/\/www.mendoza.gov.ar\/catalogoeconomiasocial\/?post_type=product&#038;p=51622"},"modified":"2023-08-08T13:03:38","modified_gmt":"2023-08-08T16:03:38","slug":"ecolumpio-pendulo","status":"publish","type":"product","link":"https:\/\/www.mendoza.gov.ar\/catalogoeconomiasocial\/producto\/ecolumpio-pendulo\/","title":{"rendered":"Ecolumpio P\u00e9ndulo"},"content":{"rendered":"<!DOCTYPE html PUBLIC \"-\/\/W3C\/\/DTD HTML 4.0 Transitional\/\/EN\" \"http:\/\/www.w3.org\/TR\/REC-html40\/loose.dtd\">\n\n","protected":false},"excerpt":{"rendered":"El Ecolumpio P\u00e9ndulo lo realizamos en un 80% con materiales recuperados, a partir de retazos de mdf laminado de 18mm de espesor, del cual obtenemos un c\u00edrculo de 35cm de di\u00e1metro, que cubrimos con un tejido cerrado de totora de tela. Ecolumpio P\u00e9ndulo incluye: 1 base de p\u00e9ndulo tejida 1 agarre central de soga (revestida con tela) 1 mosquet\u00f3n nro 9 1 tramo de 3m de soga para colgar El Ecolumpio se entrega con soga de polipropileno con alma de 8mm (resiste hasta 90kg).","protected":false},"featured_media":51624,"comment_status":"open","ping_status":"closed","template":"","meta":[],"product_cat":[1065,6122],"product_tag":[6227,6773,1074,6774,843],"_links":{"self":[{"href":"https:\/\/www.mendoza.gov.ar\/catalogoeconomiasocial\/wp-json\/wp\/v2\/product\/51622"}],"collection":[{"href":"https:\/\/www.mendoza.gov.ar\/catalogoeconomiasocial\/wp-json\/wp\/v2\/product"}],"about":[{"href":"https:\/\/www.mendoza.gov.ar\/catalogoeconomiasocial\/wp-json\/wp\/v2\/types\/product"}],"replies":[{"embeddable":true,"href":"https:\/\/www.mendoza.gov.ar\/catalogoeconomiasocial\/wp-json\/wp\/v2\/comments?post=51622"}],"wp:featuredmedia":[{"embeddable":true,"href":"https:\/\/www.mendoza.gov.ar\/catalogoeconomiasocial\/wp-json\/wp\/v2\/media\/51624"}],"wp:attachment":[{"href":"https:\/\/www.mendoza.gov.ar\/catalogoeconomiasocial\/wp-json\/wp\/v2\/media?parent=51622"}],"wp:term":[{"taxonomy":"product_cat","embeddable":true,"href":"https:\/\/www.mendoza.gov.ar\/catalogoeconomiasocial\/wp-json\/wp\/v2\/product_cat?post=51622"},{"taxonomy":"product_tag","embeddable":true,"href":"https:\/\/www.mendoza.gov.ar\/catalogoeconomiasocial\/wp-json\/wp\/v2\/product_tag?post=51622"}],"curies":[{"name":"wp","href":"https:\/\/api.w.org\/{rel}","templated":true}]}}