{"id":51910,"date":"2023-08-29T09:50:59","date_gmt":"2023-08-29T12:50:59","guid":{"rendered":"https:\/\/www.mendoza.gov.ar\/catalogoeconomiasocial\/?post_type=product&#038;p=51910"},"modified":"2025-09-19T12:08:59","modified_gmt":"2025-09-19T15:08:59","slug":"set-eco-matero","status":"publish","type":"product","link":"https:\/\/www.mendoza.gov.ar\/catalogoeconomiasocial\/producto\/set-eco-matero\/","title":{"rendered":"Eco Matero"},"content":{"rendered":"<!DOCTYPE html PUBLIC \"-\/\/W3C\/\/DTD HTML 4.0 Transitional\/\/EN\" \"http:\/\/www.w3.org\/TR\/REC-html40\/loose.dtd\">\n\n","protected":false},"excerpt":{"rendered":"Confeccionados en cordura nacional estampada. Cierres y costuras reforzadas. Son impermeables. Aptos para lavarropas. En la EcoYerbera entran 350gr de yerba aprox. haciendo que su tama\u00f1o sea el ideal para todo tipo de manos y momentos ya que no implica un gran esfuerzo manipularla. En la EcoAzucarera entran 250gr aprox. El GuardaMate esta confeccionado en Nylon cristal de 250 micrones. Hay varios dise\u00f1os de estampas que son dise\u00f1os propios. Luego de dise\u00f1ar un patr\u00f3n en la compu, pudimos pasarlo a la tela (sublimaci\u00f3n).","protected":false},"featured_media":51912,"comment_status":"open","ping_status":"closed","template":"","meta":[],"product_cat":[6046,6053,6054],"product_tag":[123,590,6391,1485,925],"_links":{"self":[{"href":"https:\/\/www.mendoza.gov.ar\/catalogoeconomiasocial\/wp-json\/wp\/v2\/product\/51910"}],"collection":[{"href":"https:\/\/www.mendoza.gov.ar\/catalogoeconomiasocial\/wp-json\/wp\/v2\/product"}],"about":[{"href":"https:\/\/www.mendoza.gov.ar\/catalogoeconomiasocial\/wp-json\/wp\/v2\/types\/product"}],"replies":[{"embeddable":true,"href":"https:\/\/www.mendoza.gov.ar\/catalogoeconomiasocial\/wp-json\/wp\/v2\/comments?post=51910"}],"wp:featuredmedia":[{"embeddable":true,"href":"https:\/\/www.mendoza.gov.ar\/catalogoeconomiasocial\/wp-json\/wp\/v2\/media\/51912"}],"wp:attachment":[{"href":"https:\/\/www.mendoza.gov.ar\/catalogoeconomiasocial\/wp-json\/wp\/v2\/media?parent=51910"}],"wp:term":[{"taxonomy":"product_cat","embeddable":true,"href":"https:\/\/www.mendoza.gov.ar\/catalogoeconomiasocial\/wp-json\/wp\/v2\/product_cat?post=51910"},{"taxonomy":"product_tag","embeddable":true,"href":"https:\/\/www.mendoza.gov.ar\/catalogoeconomiasocial\/wp-json\/wp\/v2\/product_tag?post=51910"}],"curies":[{"name":"wp","href":"https:\/\/api.w.org\/{rel}","templated":true}]}}