{"id":51936,"date":"2023-08-29T14:12:52","date_gmt":"2023-08-29T17:12:52","guid":{"rendered":"https:\/\/www.mendoza.gov.ar\/catalogoeconomiasocial\/?post_type=product&#038;p=51936"},"modified":"2023-10-03T11:53:55","modified_gmt":"2023-10-03T14:53:55","slug":"jabin-ivresse-con-vino-tinto","status":"publish","type":"product","link":"https:\/\/www.mendoza.gov.ar\/catalogoeconomiasocial\/producto\/jabin-ivresse-con-vino-tinto\/","title":{"rendered":"Jab\u00f3n Ivresse con Vino Tinto"},"content":{"rendered":"<!DOCTYPE html PUBLIC \"-\/\/W3C\/\/DTD HTML 4.0 Transitional\/\/EN\" \"http:\/\/www.w3.org\/TR\/REC-html40\/loose.dtd\">\n\n","protected":false},"excerpt":{"rendered":"Barra de jab\u00f3n natural artesanal de aproximadamente 100 gramos y 8cm por 8cm, de color negro. Sin conservantes, con colorante y perfume natural. Apto para veganos. Crueltyfree, no testeado en animales.\r\n\r\nM\u00e9todo de elaboraci\u00f3n: Los jabones Ida Weiss est\u00e1n realizados por saponificaci\u00f3n en fr\u00edo, con aceites y mantecas vegetales. La reacci\u00f3n de saponificaci\u00f3n en fr\u00edo produce naturalmente pasta de jab\u00f3n y glicerina vegetal. Se calcula el porcentaje de hidr\u00f3xido de sodio de manera que una parte de los aceites queden sin saponificar lo que se llama surgraissage. La barra de jab\u00f3n terminada tiene entonces aceites y glicerina vegetal y resulta de esta manera suave para la piel, nutriente y humectante, dejando a la superficie de la epidermis una pel\u00edcula protectora.\r\n\r\nIngredientes: Vino tinto org\u00e1nico, Infusi\u00f3n de p\u00e9talos de rosas rojas y blancas con canela en rama y pimienta negra \u00b7SODIUM OLIVATE (aceite de oliva saponificado) \u00b7SODIUM COCOATE (aceite de coco saponificado) \u00b7SODIUM GRAPESEEDATE (aceite de pepitas de uva saponificado) \u00b7SODIUM CHLORIDE (sal) \u00b7CHARCOAL (carb\u00f3n activado) &#8211; aceite esenciales","protected":false},"featured_media":51938,"comment_status":"open","ping_status":"closed","template":"","meta":[],"product_cat":[6762,6143,6144],"product_tag":[6309,6808,2713],"_links":{"self":[{"href":"https:\/\/www.mendoza.gov.ar\/catalogoeconomiasocial\/wp-json\/wp\/v2\/product\/51936"}],"collection":[{"href":"https:\/\/www.mendoza.gov.ar\/catalogoeconomiasocial\/wp-json\/wp\/v2\/product"}],"about":[{"href":"https:\/\/www.mendoza.gov.ar\/catalogoeconomiasocial\/wp-json\/wp\/v2\/types\/product"}],"replies":[{"embeddable":true,"href":"https:\/\/www.mendoza.gov.ar\/catalogoeconomiasocial\/wp-json\/wp\/v2\/comments?post=51936"}],"wp:featuredmedia":[{"embeddable":true,"href":"https:\/\/www.mendoza.gov.ar\/catalogoeconomiasocial\/wp-json\/wp\/v2\/media\/51938"}],"wp:attachment":[{"href":"https:\/\/www.mendoza.gov.ar\/catalogoeconomiasocial\/wp-json\/wp\/v2\/media?parent=51936"}],"wp:term":[{"taxonomy":"product_cat","embeddable":true,"href":"https:\/\/www.mendoza.gov.ar\/catalogoeconomiasocial\/wp-json\/wp\/v2\/product_cat?post=51936"},{"taxonomy":"product_tag","embeddable":true,"href":"https:\/\/www.mendoza.gov.ar\/catalogoeconomiasocial\/wp-json\/wp\/v2\/product_tag?post=51936"}],"curies":[{"name":"wp","href":"https:\/\/api.w.org\/{rel}","templated":true}]}}