{"id":52398,"date":"2023-09-27T13:43:25","date_gmt":"2023-09-27T16:43:25","guid":{"rendered":"https:\/\/www.mendoza.gov.ar\/catalogoeconomiasocial\/?post_type=product&#038;p=52398"},"modified":"2023-11-02T13:27:30","modified_gmt":"2023-11-02T16:27:30","slug":"colchones-para-mascotas","status":"publish","type":"product","link":"https:\/\/www.mendoza.gov.ar\/catalogoeconomiasocial\/producto\/colchones-para-mascotas\/","title":{"rendered":"Colch\u00f3n para Mascotas"},"content":{"rendered":"<!DOCTYPE html PUBLIC \"-\/\/W3C\/\/DTD HTML 4.0 Transitional\/\/EN\" \"http:\/\/www.w3.org\/TR\/REC-html40\/loose.dtd\">\n\n","protected":false},"excerpt":{"rendered":"Estos pueden variar de medida dependiendo del tama\u00f1o de su compa\u00f1ero Hay tres medidas est\u00e1ndar. Est\u00e1n compuestos totalmente de cordura impermeable, su relleno puede variar dependiendo del peso del animal, tambi\u00e9n existe la posibilidad de utilizar un relleno reciclado (dependiendo si hay existencia) esto evita aumentar el costo y ayuda a reciclar y evitar generar mas residuos textiles.","protected":false},"featured_media":52401,"comment_status":"open","ping_status":"closed","template":"","meta":[],"product_cat":[2034,6091],"product_tag":[185,212,6870,6940,6419,1082,1459],"_links":{"self":[{"href":"https:\/\/www.mendoza.gov.ar\/catalogoeconomiasocial\/wp-json\/wp\/v2\/product\/52398"}],"collection":[{"href":"https:\/\/www.mendoza.gov.ar\/catalogoeconomiasocial\/wp-json\/wp\/v2\/product"}],"about":[{"href":"https:\/\/www.mendoza.gov.ar\/catalogoeconomiasocial\/wp-json\/wp\/v2\/types\/product"}],"replies":[{"embeddable":true,"href":"https:\/\/www.mendoza.gov.ar\/catalogoeconomiasocial\/wp-json\/wp\/v2\/comments?post=52398"}],"wp:featuredmedia":[{"embeddable":true,"href":"https:\/\/www.mendoza.gov.ar\/catalogoeconomiasocial\/wp-json\/wp\/v2\/media\/52401"}],"wp:attachment":[{"href":"https:\/\/www.mendoza.gov.ar\/catalogoeconomiasocial\/wp-json\/wp\/v2\/media?parent=52398"}],"wp:term":[{"taxonomy":"product_cat","embeddable":true,"href":"https:\/\/www.mendoza.gov.ar\/catalogoeconomiasocial\/wp-json\/wp\/v2\/product_cat?post=52398"},{"taxonomy":"product_tag","embeddable":true,"href":"https:\/\/www.mendoza.gov.ar\/catalogoeconomiasocial\/wp-json\/wp\/v2\/product_tag?post=52398"}],"curies":[{"name":"wp","href":"https:\/\/api.w.org\/{rel}","templated":true}]}}