{"id":52418,"date":"2023-09-28T09:38:11","date_gmt":"2023-09-28T12:38:11","guid":{"rendered":"https:\/\/www.mendoza.gov.ar\/catalogoeconomiasocial\/?post_type=product&#038;p=52418"},"modified":"2023-09-28T09:38:12","modified_gmt":"2023-09-28T12:38:12","slug":"manta-de-apego-a-crochet","status":"publish","type":"product","link":"https:\/\/www.mendoza.gov.ar\/catalogoeconomiasocial\/producto\/manta-de-apego-a-crochet\/","title":{"rendered":"Manta de Apego a Crochet"},"content":{"rendered":"<!DOCTYPE html PUBLIC \"-\/\/W3C\/\/DTD HTML 4.0 Transitional\/\/EN\" \"http:\/\/www.w3.org\/TR\/REC-html40\/loose.dtd\">\n\n","protected":false},"excerpt":{"rendered":"<div class=\"Qr7Oae\" role=\"listitem\">\r\n<div class=\"OxAavc NVbRL\" data-required=\"true\" data-item-id=\"1823180683\">\r\n<div class=\"Ih4Dzb\">\r\n<div class=\"q4tvle JqSWld yqQS1\">Realiza en hilo de algod\u00f3n ,vell\u00f3n,tama\u00f1o aproximado de 10cm a 30cm utilizando diversas t\u00e9cnicas de tejido,color y modelo.<\/div>\r\n<\/div>\r\n<\/div>\r\n<\/div>\r\n<div class=\"Qr7Oae\" role=\"listitem\">\r\n<div class=\"OxAavc\" data-required=\"true\" data-other-input=\"qSV85\" data-other-hidden=\"MfYA1e\" data-item-id=\"1166789259\">\r\n<div class=\"pYfr3c\">\r\n<div class=\"prOLdf\">\r\n<div class=\"g53bl\">\r\n<div id=\"c2640\" class=\"cTDvob D1wxyf RjsPE\" role=\"heading\" aria-level=\"3\" aria-describedby=\"i.desc.1166789259 c2679\"><\/div>\r\n<\/div>\r\n<\/div>\r\n<\/div>\r\n<\/div>\r\n<\/div>","protected":false},"featured_media":52420,"comment_status":"open","ping_status":"closed","template":"","meta":[],"product_cat":[5923,6377],"product_tag":[6877,136,282,577],"_links":{"self":[{"href":"https:\/\/www.mendoza.gov.ar\/catalogoeconomiasocial\/wp-json\/wp\/v2\/product\/52418"}],"collection":[{"href":"https:\/\/www.mendoza.gov.ar\/catalogoeconomiasocial\/wp-json\/wp\/v2\/product"}],"about":[{"href":"https:\/\/www.mendoza.gov.ar\/catalogoeconomiasocial\/wp-json\/wp\/v2\/types\/product"}],"replies":[{"embeddable":true,"href":"https:\/\/www.mendoza.gov.ar\/catalogoeconomiasocial\/wp-json\/wp\/v2\/comments?post=52418"}],"wp:featuredmedia":[{"embeddable":true,"href":"https:\/\/www.mendoza.gov.ar\/catalogoeconomiasocial\/wp-json\/wp\/v2\/media\/52420"}],"wp:attachment":[{"href":"https:\/\/www.mendoza.gov.ar\/catalogoeconomiasocial\/wp-json\/wp\/v2\/media?parent=52418"}],"wp:term":[{"taxonomy":"product_cat","embeddable":true,"href":"https:\/\/www.mendoza.gov.ar\/catalogoeconomiasocial\/wp-json\/wp\/v2\/product_cat?post=52418"},{"taxonomy":"product_tag","embeddable":true,"href":"https:\/\/www.mendoza.gov.ar\/catalogoeconomiasocial\/wp-json\/wp\/v2\/product_tag?post=52418"}],"curies":[{"name":"wp","href":"https:\/\/api.w.org\/{rel}","templated":true}]}}