{"id":52656,"date":"2023-10-09T09:14:24","date_gmt":"2023-10-09T12:14:24","guid":{"rendered":"https:\/\/www.mendoza.gov.ar\/catalogoeconomiasocial\/?post_type=product&#038;p=52656"},"modified":"2023-10-09T09:14:25","modified_gmt":"2023-10-09T12:14:25","slug":"alfajores-de-cacaco-puro-y-glaseados","status":"publish","type":"product","link":"https:\/\/www.mendoza.gov.ar\/catalogoeconomiasocial\/producto\/alfajores-de-cacaco-puro-y-glaseados\/","title":{"rendered":"Alfajores de Cacaco Puro y Glaseados"},"content":{"rendered":"<!DOCTYPE html PUBLIC \"-\/\/W3C\/\/DTD HTML 4.0 Transitional\/\/EN\" \"http:\/\/www.w3.org\/TR\/REC-html40\/loose.dtd\">\n\n","protected":false},"excerpt":{"rendered":"Elaboramos de forma artesanal, sin quimicos ni conservantes nuestros alfajores. Los alfajores de chocolate tienen: Masa de cacao h\u00fameda elaborada por nosotros a mano (sin maquinas), dulce de leche de calidad premium y son ba\u00f1ados con chocolate cobertura de distintos porcentajes de cacao, el cual es templado previamente sobre mesada de m\u00e1rmol. Las variedades de los alfajores de chocolate son: -Cl\u00e1sicos: Blanco 30%, con leche 33%, semiamargo 54% y amargo 70% -Semiamargo 54% relleno de dulce de leche al Ron -Semiamargo 54% relleno de merengue con dulce de leche. Cada alfajor pesa: 80g aprox Tambien elaboramos alfajores de lim\u00f3n glaseados: La masa la realizamos nosotros tambi\u00e9n, es una masa de lim\u00f3n suave rellenos de extra dulce de leche o membrillo, son ba\u00f1ados con glase de lim\u00f3n. Cada alfajor pesa 70g aprox. Contamos con habilitaci\u00f3n municipal. Todos nuestros alfajores estan etiquetados con ingredientes y fecha de vencimiento. La presentaci\u00f3n es por caja bolsa de cart\u00f3n sustentable, de 6 unidades.","protected":false},"featured_media":52657,"comment_status":"open","ping_status":"closed","template":"","meta":[],"product_cat":[5946,1280,6039],"product_tag":[32,964,6911,227,6913,6912,1655],"_links":{"self":[{"href":"https:\/\/www.mendoza.gov.ar\/catalogoeconomiasocial\/wp-json\/wp\/v2\/product\/52656"}],"collection":[{"href":"https:\/\/www.mendoza.gov.ar\/catalogoeconomiasocial\/wp-json\/wp\/v2\/product"}],"about":[{"href":"https:\/\/www.mendoza.gov.ar\/catalogoeconomiasocial\/wp-json\/wp\/v2\/types\/product"}],"replies":[{"embeddable":true,"href":"https:\/\/www.mendoza.gov.ar\/catalogoeconomiasocial\/wp-json\/wp\/v2\/comments?post=52656"}],"wp:featuredmedia":[{"embeddable":true,"href":"https:\/\/www.mendoza.gov.ar\/catalogoeconomiasocial\/wp-json\/wp\/v2\/media\/52657"}],"wp:attachment":[{"href":"https:\/\/www.mendoza.gov.ar\/catalogoeconomiasocial\/wp-json\/wp\/v2\/media?parent=52656"}],"wp:term":[{"taxonomy":"product_cat","embeddable":true,"href":"https:\/\/www.mendoza.gov.ar\/catalogoeconomiasocial\/wp-json\/wp\/v2\/product_cat?post=52656"},{"taxonomy":"product_tag","embeddable":true,"href":"https:\/\/www.mendoza.gov.ar\/catalogoeconomiasocial\/wp-json\/wp\/v2\/product_tag?post=52656"}],"curies":[{"name":"wp","href":"https:\/\/api.w.org\/{rel}","templated":true}]}}