{"id":52728,"date":"2023-10-09T13:33:07","date_gmt":"2023-10-09T16:33:07","guid":{"rendered":"https:\/\/www.mendoza.gov.ar\/catalogoeconomiasocial\/?post_type=product&#038;p=52728"},"modified":"2023-10-09T13:33:07","modified_gmt":"2023-10-09T16:33:07","slug":"porta-libreta-y-organizador-pediatrico","status":"publish","type":"product","link":"https:\/\/www.mendoza.gov.ar\/catalogoeconomiasocial\/producto\/porta-libreta-y-organizador-pediatrico\/","title":{"rendered":"Porta Libreta y Organizador Pedi\u00e1trico"},"content":{"rendered":"<!DOCTYPE html PUBLIC \"-\/\/W3C\/\/DTD HTML 4.0 Transitional\/\/EN\" \"http:\/\/www.w3.org\/TR\/REC-html40\/loose.dtd\">\n\n","protected":false},"excerpt":{"rendered":"Los primeros meses de vida de tu beb\u00e9 son claves los controles m\u00e9dicos. Y por eso que nos gustar\u00eda traerte este producto, organizador Pedi\u00e1trico, tiene capacidad para llevar la libreta sanitaria \/ vacunas y trasportar la documentaci\u00f3n de tu beb\u00e9 de una forma segura y compacta.","protected":false},"featured_media":52730,"comment_status":"open","ping_status":"closed","template":"","meta":[],"product_cat":[5923,6098,1179],"product_tag":[1726,6362,6935,658,6284,6934],"_links":{"self":[{"href":"https:\/\/www.mendoza.gov.ar\/catalogoeconomiasocial\/wp-json\/wp\/v2\/product\/52728"}],"collection":[{"href":"https:\/\/www.mendoza.gov.ar\/catalogoeconomiasocial\/wp-json\/wp\/v2\/product"}],"about":[{"href":"https:\/\/www.mendoza.gov.ar\/catalogoeconomiasocial\/wp-json\/wp\/v2\/types\/product"}],"replies":[{"embeddable":true,"href":"https:\/\/www.mendoza.gov.ar\/catalogoeconomiasocial\/wp-json\/wp\/v2\/comments?post=52728"}],"wp:featuredmedia":[{"embeddable":true,"href":"https:\/\/www.mendoza.gov.ar\/catalogoeconomiasocial\/wp-json\/wp\/v2\/media\/52730"}],"wp:attachment":[{"href":"https:\/\/www.mendoza.gov.ar\/catalogoeconomiasocial\/wp-json\/wp\/v2\/media?parent=52728"}],"wp:term":[{"taxonomy":"product_cat","embeddable":true,"href":"https:\/\/www.mendoza.gov.ar\/catalogoeconomiasocial\/wp-json\/wp\/v2\/product_cat?post=52728"},{"taxonomy":"product_tag","embeddable":true,"href":"https:\/\/www.mendoza.gov.ar\/catalogoeconomiasocial\/wp-json\/wp\/v2\/product_tag?post=52728"}],"curies":[{"name":"wp","href":"https:\/\/api.w.org\/{rel}","templated":true}]}}