{"id":52878,"date":"2023-10-31T11:53:09","date_gmt":"2023-10-31T14:53:09","guid":{"rendered":"https:\/\/www.mendoza.gov.ar\/catalogoeconomiasocial\/?post_type=product&#038;p=52878"},"modified":"2023-10-31T11:53:09","modified_gmt":"2023-10-31T14:53:09","slug":"neceser-botiquin","status":"publish","type":"product","link":"https:\/\/www.mendoza.gov.ar\/catalogoeconomiasocial\/producto\/neceser-botiquin\/","title":{"rendered":"Neceser Botiqu\u00edn"},"content":{"rendered":"<!DOCTYPE html PUBLIC \"-\/\/W3C\/\/DTD HTML 4.0 Transitional\/\/EN\" \"http:\/\/www.w3.org\/TR\/REC-html40\/loose.dtd\">\n\n","protected":false},"excerpt":{"rendered":"El Neceser Botiqu\u00edn es un estuche de tela, hecho de un tejido poli\u00e9ster, cubierto por una l\u00e1mina de PVC, resistente a los efectos de la luz natural. Es impermeable, liviano y f\u00e1cil de limpiar, seca r\u00e1pidamente y no se deforma, y tiene un dise\u00f1o ergon\u00f3mico y flexible. Tiene un cierre a lo largo muy duradero, y un dise\u00f1o pr\u00e1ctico, para organizar c\u00f3modamente los art\u00edculos del botiqu\u00edn. Es moderno y discreto pero a la moda, y se complementa con el entorno familiar o del trabajo.\r\n\r\nSus medidas: 23 x 18 x 10","protected":false},"featured_media":52881,"comment_status":"open","ping_status":"closed","template":"","meta":[],"product_cat":[6046,6053,6067,6059,6060],"product_tag":[6980,6979,6284,6487],"_links":{"self":[{"href":"https:\/\/www.mendoza.gov.ar\/catalogoeconomiasocial\/wp-json\/wp\/v2\/product\/52878"}],"collection":[{"href":"https:\/\/www.mendoza.gov.ar\/catalogoeconomiasocial\/wp-json\/wp\/v2\/product"}],"about":[{"href":"https:\/\/www.mendoza.gov.ar\/catalogoeconomiasocial\/wp-json\/wp\/v2\/types\/product"}],"replies":[{"embeddable":true,"href":"https:\/\/www.mendoza.gov.ar\/catalogoeconomiasocial\/wp-json\/wp\/v2\/comments?post=52878"}],"wp:featuredmedia":[{"embeddable":true,"href":"https:\/\/www.mendoza.gov.ar\/catalogoeconomiasocial\/wp-json\/wp\/v2\/media\/52881"}],"wp:attachment":[{"href":"https:\/\/www.mendoza.gov.ar\/catalogoeconomiasocial\/wp-json\/wp\/v2\/media?parent=52878"}],"wp:term":[{"taxonomy":"product_cat","embeddable":true,"href":"https:\/\/www.mendoza.gov.ar\/catalogoeconomiasocial\/wp-json\/wp\/v2\/product_cat?post=52878"},{"taxonomy":"product_tag","embeddable":true,"href":"https:\/\/www.mendoza.gov.ar\/catalogoeconomiasocial\/wp-json\/wp\/v2\/product_tag?post=52878"}],"curies":[{"name":"wp","href":"https:\/\/api.w.org\/{rel}","templated":true}]}}