{"id":52884,"date":"2023-10-31T12:05:49","date_gmt":"2023-10-31T15:05:49","guid":{"rendered":"https:\/\/www.mendoza.gov.ar\/catalogoeconomiasocial\/?post_type=product&#038;p=52884"},"modified":"2023-10-31T12:05:49","modified_gmt":"2023-10-31T15:05:49","slug":"porta-notebook","status":"publish","type":"product","link":"https:\/\/www.mendoza.gov.ar\/catalogoeconomiasocial\/producto\/porta-notebook\/","title":{"rendered":"Porta Notebook"},"content":{"rendered":"<!DOCTYPE html PUBLIC \"-\/\/W3C\/\/DTD HTML 4.0 Transitional\/\/EN\" \"http:\/\/www.w3.org\/TR\/REC-html40\/loose.dtd\">\n\n","protected":false},"excerpt":{"rendered":"El Porta Notebook es un estuche de tela, con confecci\u00f3n es a medida, ya que se adapta perfectamente a la notebook del usuario. Confeccionado en cordura, un tejido cubierto de una l\u00e1mina de PVC, que lo hace resistente a la suciedad y los efectos de los agentes atmosf\u00e9ricos, es f\u00e1cil de limpiar con agua, y seca con velocidad. Es flexible y su bolsillo externo permite llevar los per\u00edfericos de cualquier notebook o similar, como mouse, cables y accesorios. Su cierre es fuerte y duradero, y la variedad de modelos y tonos lo hace adaptable a cualquier profesi\u00f3n u ocupaci\u00f3n.","protected":false},"featured_media":52885,"comment_status":"open","ping_status":"closed","template":"","meta":[],"product_cat":[6046,6059],"product_tag":[967,6791,6441,6981],"_links":{"self":[{"href":"https:\/\/www.mendoza.gov.ar\/catalogoeconomiasocial\/wp-json\/wp\/v2\/product\/52884"}],"collection":[{"href":"https:\/\/www.mendoza.gov.ar\/catalogoeconomiasocial\/wp-json\/wp\/v2\/product"}],"about":[{"href":"https:\/\/www.mendoza.gov.ar\/catalogoeconomiasocial\/wp-json\/wp\/v2\/types\/product"}],"replies":[{"embeddable":true,"href":"https:\/\/www.mendoza.gov.ar\/catalogoeconomiasocial\/wp-json\/wp\/v2\/comments?post=52884"}],"wp:featuredmedia":[{"embeddable":true,"href":"https:\/\/www.mendoza.gov.ar\/catalogoeconomiasocial\/wp-json\/wp\/v2\/media\/52885"}],"wp:attachment":[{"href":"https:\/\/www.mendoza.gov.ar\/catalogoeconomiasocial\/wp-json\/wp\/v2\/media?parent=52884"}],"wp:term":[{"taxonomy":"product_cat","embeddable":true,"href":"https:\/\/www.mendoza.gov.ar\/catalogoeconomiasocial\/wp-json\/wp\/v2\/product_cat?post=52884"},{"taxonomy":"product_tag","embeddable":true,"href":"https:\/\/www.mendoza.gov.ar\/catalogoeconomiasocial\/wp-json\/wp\/v2\/product_tag?post=52884"}],"curies":[{"name":"wp","href":"https:\/\/api.w.org\/{rel}","templated":true}]}}