{"id":52890,"date":"2023-10-31T12:12:59","date_gmt":"2023-10-31T15:12:59","guid":{"rendered":"https:\/\/www.mendoza.gov.ar\/catalogoeconomiasocial\/?post_type=product&#038;p=52890"},"modified":"2023-10-31T12:12:59","modified_gmt":"2023-10-31T15:12:59","slug":"lonchera-escolar","status":"publish","type":"product","link":"https:\/\/www.mendoza.gov.ar\/catalogoeconomiasocial\/producto\/lonchera-escolar\/","title":{"rendered":"Lonchera Escolar"},"content":{"rendered":"<!DOCTYPE html PUBLIC \"-\/\/W3C\/\/DTD HTML 4.0 Transitional\/\/EN\" \"http:\/\/www.w3.org\/TR\/REC-html40\/loose.dtd\">\n\n","protected":false},"excerpt":{"rendered":"La Lonchera Personal es un estuche de tela de cordura impermeable dise\u00f1ada para transportar alimentos y bebidas, t\u00edpicamente usada para llevar el almuerzo, merienda o refrigerios. La tela de cordura es conocida por ser resistente y duradera, lo que la hace ideal para proteger los alimentos de posibles da\u00f1os externos.\r\n\r\nLa cordura es un tejido de alta resistencia fabricado con nylon o poli\u00e9ster recubierto, lo que le confiere propiedades impermeables. Esta caracter\u00edstica es fundamental para mantener los alimentos protegidos de la humedad, asegurando que no se filtren l\u00edquidos al interior de la lonchera. Adem\u00e1s de ser impermeable, la tela de cordura suele ser f\u00e1cil de limpiar, lo que facilita el mantenimiento de la lonchera.\r\n\r\nEsta Lonchera personal viene con compartimentos internos y externos para organizar y transportar los alimentos de manera segura, manteniendo la temperatura de los alimentos durante un tiempo razonable.","protected":false},"featured_media":52894,"comment_status":"open","ping_status":"closed","template":"","meta":[],"product_cat":[6046,6053,6067],"product_tag":[944,6982,6984,1592,6983,6338,6487],"_links":{"self":[{"href":"https:\/\/www.mendoza.gov.ar\/catalogoeconomiasocial\/wp-json\/wp\/v2\/product\/52890"}],"collection":[{"href":"https:\/\/www.mendoza.gov.ar\/catalogoeconomiasocial\/wp-json\/wp\/v2\/product"}],"about":[{"href":"https:\/\/www.mendoza.gov.ar\/catalogoeconomiasocial\/wp-json\/wp\/v2\/types\/product"}],"replies":[{"embeddable":true,"href":"https:\/\/www.mendoza.gov.ar\/catalogoeconomiasocial\/wp-json\/wp\/v2\/comments?post=52890"}],"wp:featuredmedia":[{"embeddable":true,"href":"https:\/\/www.mendoza.gov.ar\/catalogoeconomiasocial\/wp-json\/wp\/v2\/media\/52894"}],"wp:attachment":[{"href":"https:\/\/www.mendoza.gov.ar\/catalogoeconomiasocial\/wp-json\/wp\/v2\/media?parent=52890"}],"wp:term":[{"taxonomy":"product_cat","embeddable":true,"href":"https:\/\/www.mendoza.gov.ar\/catalogoeconomiasocial\/wp-json\/wp\/v2\/product_cat?post=52890"},{"taxonomy":"product_tag","embeddable":true,"href":"https:\/\/www.mendoza.gov.ar\/catalogoeconomiasocial\/wp-json\/wp\/v2\/product_tag?post=52890"}],"curies":[{"name":"wp","href":"https:\/\/api.w.org\/{rel}","templated":true}]}}