{"id":52939,"date":"2023-12-04T10:50:33","date_gmt":"2023-12-04T13:50:33","guid":{"rendered":"https:\/\/www.mendoza.gov.ar\/catalogoeconomiasocial\/?post_type=product&#038;p=52939"},"modified":"2023-12-04T10:51:59","modified_gmt":"2023-12-04T13:51:59","slug":"lampara-astronauta-sobre-la-luna-usb-portatil","status":"publish","type":"product","link":"https:\/\/www.mendoza.gov.ar\/catalogoeconomiasocial\/producto\/lampara-astronauta-sobre-la-luna-usb-portatil\/","title":{"rendered":"L\u00e1mpara Astronauta sobre la Luna USB port\u00e1til"},"content":{"rendered":"<!DOCTYPE html PUBLIC \"-\/\/W3C\/\/DTD HTML 4.0 Transitional\/\/EN\" \"http:\/\/www.w3.org\/TR\/REC-html40\/loose.dtd\">\n\n","protected":false},"excerpt":{"rendered":"Est\u00e1 maravillosa l\u00e1mpara te acompa\u00f1ar\u00e1 en tus momentos de relax o distracci\u00f3n, durante tus horas de estudio o para decorar tu espacio, llevala con vos a d\u00f3nde te guste y la recargas mediante USB en unos minutos.","protected":false},"featured_media":52940,"comment_status":"open","ping_status":"closed","template":"","meta":[],"product_cat":[6046,6080,6430],"product_tag":[1299],"_links":{"self":[{"href":"https:\/\/www.mendoza.gov.ar\/catalogoeconomiasocial\/wp-json\/wp\/v2\/product\/52939"}],"collection":[{"href":"https:\/\/www.mendoza.gov.ar\/catalogoeconomiasocial\/wp-json\/wp\/v2\/product"}],"about":[{"href":"https:\/\/www.mendoza.gov.ar\/catalogoeconomiasocial\/wp-json\/wp\/v2\/types\/product"}],"replies":[{"embeddable":true,"href":"https:\/\/www.mendoza.gov.ar\/catalogoeconomiasocial\/wp-json\/wp\/v2\/comments?post=52939"}],"wp:featuredmedia":[{"embeddable":true,"href":"https:\/\/www.mendoza.gov.ar\/catalogoeconomiasocial\/wp-json\/wp\/v2\/media\/52940"}],"wp:attachment":[{"href":"https:\/\/www.mendoza.gov.ar\/catalogoeconomiasocial\/wp-json\/wp\/v2\/media?parent=52939"}],"wp:term":[{"taxonomy":"product_cat","embeddable":true,"href":"https:\/\/www.mendoza.gov.ar\/catalogoeconomiasocial\/wp-json\/wp\/v2\/product_cat?post=52939"},{"taxonomy":"product_tag","embeddable":true,"href":"https:\/\/www.mendoza.gov.ar\/catalogoeconomiasocial\/wp-json\/wp\/v2\/product_tag?post=52939"}],"curies":[{"name":"wp","href":"https:\/\/api.w.org\/{rel}","templated":true}]}}