{"id":52996,"date":"2023-12-05T12:52:38","date_gmt":"2023-12-05T15:52:38","guid":{"rendered":"https:\/\/www.mendoza.gov.ar\/catalogoeconomiasocial\/?post_type=product&#038;p=52996"},"modified":"2023-12-05T12:52:39","modified_gmt":"2023-12-05T15:52:39","slug":"suculenta-y-cactus-en-maceta-de-plastico","status":"publish","type":"product","link":"https:\/\/www.mendoza.gov.ar\/catalogoeconomiasocial\/producto\/suculenta-y-cactus-en-maceta-de-plastico\/","title":{"rendered":"Suculenta y Cactus en Maceta de Pl\u00e1stico"},"content":{"rendered":"<!DOCTYPE html PUBLIC \"-\/\/W3C\/\/DTD HTML 4.0 Transitional\/\/EN\" \"http:\/\/www.w3.org\/TR\/REC-html40\/loose.dtd\">\n\n","protected":false},"excerpt":{"rendered":"Mini jard\u00edn realizado en maceta de cer\u00e1mico pintada con acr\u00edlico e impermeabilizada con pintura asf\u00e1ltica. Compuesto por una suculenta llamada cr\u00e1sula Golon de 8 a\u00f1os de edad, tipo bonsai.\r\n\r\nCactus en maceta r6, de 6 cent\u00edmetros. Planta solar con floraci\u00f3n de primavera.","protected":false},"featured_media":52997,"comment_status":"open","ping_status":"closed","template":"","meta":[],"product_cat":[6046,6080,6085,6081],"product_tag":[2563,7002,1072,707,1744],"_links":{"self":[{"href":"https:\/\/www.mendoza.gov.ar\/catalogoeconomiasocial\/wp-json\/wp\/v2\/product\/52996"}],"collection":[{"href":"https:\/\/www.mendoza.gov.ar\/catalogoeconomiasocial\/wp-json\/wp\/v2\/product"}],"about":[{"href":"https:\/\/www.mendoza.gov.ar\/catalogoeconomiasocial\/wp-json\/wp\/v2\/types\/product"}],"replies":[{"embeddable":true,"href":"https:\/\/www.mendoza.gov.ar\/catalogoeconomiasocial\/wp-json\/wp\/v2\/comments?post=52996"}],"wp:featuredmedia":[{"embeddable":true,"href":"https:\/\/www.mendoza.gov.ar\/catalogoeconomiasocial\/wp-json\/wp\/v2\/media\/52997"}],"wp:attachment":[{"href":"https:\/\/www.mendoza.gov.ar\/catalogoeconomiasocial\/wp-json\/wp\/v2\/media?parent=52996"}],"wp:term":[{"taxonomy":"product_cat","embeddable":true,"href":"https:\/\/www.mendoza.gov.ar\/catalogoeconomiasocial\/wp-json\/wp\/v2\/product_cat?post=52996"},{"taxonomy":"product_tag","embeddable":true,"href":"https:\/\/www.mendoza.gov.ar\/catalogoeconomiasocial\/wp-json\/wp\/v2\/product_tag?post=52996"}],"curies":[{"name":"wp","href":"https:\/\/api.w.org\/{rel}","templated":true}]}}