{"id":53067,"date":"2023-12-07T11:35:24","date_gmt":"2023-12-07T14:35:24","guid":{"rendered":"https:\/\/www.mendoza.gov.ar\/catalogoeconomiasocial\/?post_type=product&#038;p=53067"},"modified":"2024-04-22T09:15:26","modified_gmt":"2024-04-22T12:15:26","slug":"piezas-decorativas-en-tela-con-estampacion-botanica-ecoprint","status":"publish","type":"product","link":"https:\/\/www.mendoza.gov.ar\/catalogoeconomiasocial\/producto\/piezas-decorativas-en-tela-con-estampacion-botanica-ecoprint\/","title":{"rendered":"Piezas decorativas en tela"},"content":{"rendered":"<!DOCTYPE html PUBLIC \"-\/\/W3C\/\/DTD HTML 4.0 Transitional\/\/EN\" \"http:\/\/www.w3.org\/TR\/REC-html40\/loose.dtd\">\n\n","protected":false},"excerpt":{"rendered":"Productos y piezas decorativas, realizadas con elementos naturales mendocinos follajes, hojas secas y frescas, taninos, pigmentos, telas de algod\u00f3n y sedas naturales.\r\n\r\nLos caminos de mesa, manteles, almohadones, pi\u00e9 de cama,se ajustan a diversas medidas , hasta 3m de largo y ancho y peque\u00f1as piezas de no m\u00e1s de 80 cm de largo y 50 cm de ancho.\r\n\r\n&#8220;Cada pieza es de dise\u00f1o exclusivo, no se repite nunca&#8221;.","protected":false},"featured_media":53068,"comment_status":"open","ping_status":"closed","template":"","meta":[],"product_cat":[6046,6058,6067,6059,6065,6061,6066],"product_tag":[40,189,2746,1597,849],"_links":{"self":[{"href":"https:\/\/www.mendoza.gov.ar\/catalogoeconomiasocial\/wp-json\/wp\/v2\/product\/53067"}],"collection":[{"href":"https:\/\/www.mendoza.gov.ar\/catalogoeconomiasocial\/wp-json\/wp\/v2\/product"}],"about":[{"href":"https:\/\/www.mendoza.gov.ar\/catalogoeconomiasocial\/wp-json\/wp\/v2\/types\/product"}],"replies":[{"embeddable":true,"href":"https:\/\/www.mendoza.gov.ar\/catalogoeconomiasocial\/wp-json\/wp\/v2\/comments?post=53067"}],"wp:featuredmedia":[{"embeddable":true,"href":"https:\/\/www.mendoza.gov.ar\/catalogoeconomiasocial\/wp-json\/wp\/v2\/media\/53068"}],"wp:attachment":[{"href":"https:\/\/www.mendoza.gov.ar\/catalogoeconomiasocial\/wp-json\/wp\/v2\/media?parent=53067"}],"wp:term":[{"taxonomy":"product_cat","embeddable":true,"href":"https:\/\/www.mendoza.gov.ar\/catalogoeconomiasocial\/wp-json\/wp\/v2\/product_cat?post=53067"},{"taxonomy":"product_tag","embeddable":true,"href":"https:\/\/www.mendoza.gov.ar\/catalogoeconomiasocial\/wp-json\/wp\/v2\/product_tag?post=53067"}],"curies":[{"name":"wp","href":"https:\/\/api.w.org\/{rel}","templated":true}]}}