{"id":53197,"date":"2023-12-13T09:35:54","date_gmt":"2023-12-13T12:35:54","guid":{"rendered":"https:\/\/www.mendoza.gov.ar\/catalogoeconomiasocial\/?post_type=product&#038;p=53197"},"modified":"2023-12-13T09:35:54","modified_gmt":"2023-12-13T12:35:54","slug":"mostaza-suave","status":"publish","type":"product","link":"https:\/\/www.mendoza.gov.ar\/catalogoeconomiasocial\/producto\/mostaza-suave\/","title":{"rendered":"Mostaza Suave"},"content":{"rendered":"<!DOCTYPE html PUBLIC \"-\/\/W3C\/\/DTD HTML 4.0 Transitional\/\/EN\" \"http:\/\/www.w3.org\/TR\/REC-html40\/loose.dtd\">\n\n","protected":false},"excerpt":{"rendered":"Mostaza pura, intensa, viva.\r\n\r\nPura: no se rebaja con agua.\r\n\r\nIntensa: much\u00edsimo sabor en una peque\u00f1a porci\u00f3n.\r\n\r\nViva: no se usan altas temperaturas en su preparaci\u00f3n.\r\n\r\nEn cambio, se maceran los granos de mostaza blanca levemente molidos junto con los dem\u00e1s ingredientes; a saber: vinagre natural, miel, lim\u00f3n y especias.\r\n\r\nSu elaboraci\u00f3n por maceraci\u00f3n hace que cuente con probi\u00f3ticos: todas las bacterias ben\u00e9ficas para nuestra digesti\u00f3n est\u00e1n presentes en la mostaza. Cuenta tambi\u00e9n con prebi\u00f3ticos (la fibra que los probi\u00f3ticos necesitan para alimentarse). Al ser elaborada con 100% granos de mostaza blanca, es suave.\r\n\r\nEspecial para quienes gustan de la mostaza pero prefieren sabores m\u00e1s ligeros. Ideal para untar sobre carnes asadas justo antes de servir, para aderezo de ensaladas, para panchos gourmet, sopas o guisos, picadas, y todo lo que se te ocurra. \u00a1Comer sano y rico es muy posible!\r\n\r\nPeso Neto 160 gramos.","protected":false},"featured_media":53198,"comment_status":"open","ping_status":"closed","template":"","meta":[],"product_cat":[5983],"product_tag":[7030,944,7029],"_links":{"self":[{"href":"https:\/\/www.mendoza.gov.ar\/catalogoeconomiasocial\/wp-json\/wp\/v2\/product\/53197"}],"collection":[{"href":"https:\/\/www.mendoza.gov.ar\/catalogoeconomiasocial\/wp-json\/wp\/v2\/product"}],"about":[{"href":"https:\/\/www.mendoza.gov.ar\/catalogoeconomiasocial\/wp-json\/wp\/v2\/types\/product"}],"replies":[{"embeddable":true,"href":"https:\/\/www.mendoza.gov.ar\/catalogoeconomiasocial\/wp-json\/wp\/v2\/comments?post=53197"}],"wp:featuredmedia":[{"embeddable":true,"href":"https:\/\/www.mendoza.gov.ar\/catalogoeconomiasocial\/wp-json\/wp\/v2\/media\/53198"}],"wp:attachment":[{"href":"https:\/\/www.mendoza.gov.ar\/catalogoeconomiasocial\/wp-json\/wp\/v2\/media?parent=53197"}],"wp:term":[{"taxonomy":"product_cat","embeddable":true,"href":"https:\/\/www.mendoza.gov.ar\/catalogoeconomiasocial\/wp-json\/wp\/v2\/product_cat?post=53197"},{"taxonomy":"product_tag","embeddable":true,"href":"https:\/\/www.mendoza.gov.ar\/catalogoeconomiasocial\/wp-json\/wp\/v2\/product_tag?post=53197"}],"curies":[{"name":"wp","href":"https:\/\/api.w.org\/{rel}","templated":true}]}}