{"id":53201,"date":"2023-12-13T09:40:08","date_gmt":"2023-12-13T12:40:08","guid":{"rendered":"https:\/\/www.mendoza.gov.ar\/catalogoeconomiasocial\/?post_type=product&#038;p=53201"},"modified":"2023-12-14T08:44:00","modified_gmt":"2023-12-14T11:44:00","slug":"mostaza-picante","status":"publish","type":"product","link":"https:\/\/www.mendoza.gov.ar\/catalogoeconomiasocial\/producto\/mostaza-picante\/","title":{"rendered":"Mostaza Picante"},"content":{"rendered":"<!DOCTYPE html PUBLIC \"-\/\/W3C\/\/DTD HTML 4.0 Transitional\/\/EN\" \"http:\/\/www.w3.org\/TR\/REC-html40\/loose.dtd\">\n\n","protected":false},"excerpt":{"rendered":"Mostaza pura, intensa, viva.\r\n\r\nPura: no se rebaja con agua.\r\n\r\nIntensa: much\u00edsimo sabor en una peque\u00f1a porci\u00f3n.\r\n\r\nViva: no se usan altas temperaturas en su preparaci\u00f3n.\r\n\r\nEn cambio, se maceran los granos de mostaza blanca y negra levemente molidos junto con los dem\u00e1s ingredientes; a saber: vinagre natural, miel, lim\u00f3n y especias.\r\n\r\nSu elaboraci\u00f3n por maceraci\u00f3n hace que cuente con probi\u00f3ticos: todas las bacterias ben\u00e9ficas para nuestra digesti\u00f3n est\u00e1n presentes en la mostaza. Cuenta tambi\u00e9n con prebi\u00f3ticos (la fibra que los probi\u00f3ticos necesitan para alimentarse).\r\n\r\nAl ser elaborada con 50% granos de mostaza negra, es picante. Su aroma remite a un wasabi o r\u00e1bano picante.\r\n\r\nEspecial para amantes de sabores m\u00e1s intensos. Ideal para untar sobre carnes asadas justo antes de servir, para aderezo de ensaladas, para panchos gourmet, sopas o guisos, picadas, y todo lo que se te ocurra. \u00a1Comer sano y rico es muy posible!\r\n\r\nPeso Neto 160 gramos.","protected":false},"featured_media":53202,"comment_status":"open","ping_status":"closed","template":"","meta":[],"product_cat":[5946,5983],"product_tag":[7030,944,7029],"_links":{"self":[{"href":"https:\/\/www.mendoza.gov.ar\/catalogoeconomiasocial\/wp-json\/wp\/v2\/product\/53201"}],"collection":[{"href":"https:\/\/www.mendoza.gov.ar\/catalogoeconomiasocial\/wp-json\/wp\/v2\/product"}],"about":[{"href":"https:\/\/www.mendoza.gov.ar\/catalogoeconomiasocial\/wp-json\/wp\/v2\/types\/product"}],"replies":[{"embeddable":true,"href":"https:\/\/www.mendoza.gov.ar\/catalogoeconomiasocial\/wp-json\/wp\/v2\/comments?post=53201"}],"wp:featuredmedia":[{"embeddable":true,"href":"https:\/\/www.mendoza.gov.ar\/catalogoeconomiasocial\/wp-json\/wp\/v2\/media\/53202"}],"wp:attachment":[{"href":"https:\/\/www.mendoza.gov.ar\/catalogoeconomiasocial\/wp-json\/wp\/v2\/media?parent=53201"}],"wp:term":[{"taxonomy":"product_cat","embeddable":true,"href":"https:\/\/www.mendoza.gov.ar\/catalogoeconomiasocial\/wp-json\/wp\/v2\/product_cat?post=53201"},{"taxonomy":"product_tag","embeddable":true,"href":"https:\/\/www.mendoza.gov.ar\/catalogoeconomiasocial\/wp-json\/wp\/v2\/product_tag?post=53201"}],"curies":[{"name":"wp","href":"https:\/\/api.w.org\/{rel}","templated":true}]}}