{"id":53204,"date":"2023-12-13T09:42:58","date_gmt":"2023-12-13T12:42:58","guid":{"rendered":"https:\/\/www.mendoza.gov.ar\/catalogoeconomiasocial\/?post_type=product&#038;p=53204"},"modified":"2025-11-18T10:36:30","modified_gmt":"2025-11-18T13:36:30","slug":"krein","status":"publish","type":"product","link":"https:\/\/www.mendoza.gov.ar\/catalogoeconomiasocial\/producto\/krein\/","title":{"rendered":"Krein Picante (Fermento)"},"content":{"rendered":"<!DOCTYPE html PUBLIC \"-\/\/W3C\/\/DTD HTML 4.0 Transitional\/\/EN\" \"http:\/\/www.w3.org\/TR\/REC-html40\/loose.dtd\">\n\n","protected":false},"excerpt":{"rendered":"El Krein es una preparaci\u00f3n que se consume tradicionalmente durante las pascuas jud\u00edas.\r\n\r\nSus ingredientes son r\u00e1bano picante y remolacha rallados, condimentados con vinagre, sal y una pizca de az\u00facar. En busca de un alimento vivo, elaboramos el Krein en salmuera.\r\n\r\nDe esta forma, la preparaci\u00f3n fermenta y se autopreserva. Dicha fermentaci\u00f3n genera probi\u00f3ticos, y un agradable e intenso sabor. Al ser elaborada con la ra\u00edz del r\u00e1bano picante (hermana de la ra\u00edz del wasabi), es una preparaci\u00f3n picante. Su aroma y picor justamente remiten al wasabi.\r\n\r\nEspecial para amantes de sabores nuevos e intensos. Ideal para acompa\u00f1ar carnes hervidas, carne al horno, cerdo, mariscos, pescado, salchichas hervidas, pollo hervido o al horno, papas, picadas, sandwiches y lo que tu imaginaci\u00f3n permita.\r\n\r\n\u00a1Comer sano y rico es muy posible!\r\n\r\nPeso Neto 160 gramos.","protected":false},"featured_media":53205,"comment_status":"open","ping_status":"closed","template":"","meta":[],"product_cat":[5946],"product_tag":[944,7031],"_links":{"self":[{"href":"https:\/\/www.mendoza.gov.ar\/catalogoeconomiasocial\/wp-json\/wp\/v2\/product\/53204"}],"collection":[{"href":"https:\/\/www.mendoza.gov.ar\/catalogoeconomiasocial\/wp-json\/wp\/v2\/product"}],"about":[{"href":"https:\/\/www.mendoza.gov.ar\/catalogoeconomiasocial\/wp-json\/wp\/v2\/types\/product"}],"replies":[{"embeddable":true,"href":"https:\/\/www.mendoza.gov.ar\/catalogoeconomiasocial\/wp-json\/wp\/v2\/comments?post=53204"}],"wp:featuredmedia":[{"embeddable":true,"href":"https:\/\/www.mendoza.gov.ar\/catalogoeconomiasocial\/wp-json\/wp\/v2\/media\/53205"}],"wp:attachment":[{"href":"https:\/\/www.mendoza.gov.ar\/catalogoeconomiasocial\/wp-json\/wp\/v2\/media?parent=53204"}],"wp:term":[{"taxonomy":"product_cat","embeddable":true,"href":"https:\/\/www.mendoza.gov.ar\/catalogoeconomiasocial\/wp-json\/wp\/v2\/product_cat?post=53204"},{"taxonomy":"product_tag","embeddable":true,"href":"https:\/\/www.mendoza.gov.ar\/catalogoeconomiasocial\/wp-json\/wp\/v2\/product_tag?post=53204"}],"curies":[{"name":"wp","href":"https:\/\/api.w.org\/{rel}","templated":true}]}}