{"id":53212,"date":"2023-12-13T12:09:02","date_gmt":"2023-12-13T15:09:02","guid":{"rendered":"https:\/\/www.mendoza.gov.ar\/catalogoeconomiasocial\/?post_type=product&#038;p=53212"},"modified":"2023-12-13T12:09:02","modified_gmt":"2023-12-13T15:09:02","slug":"colibri","status":"publish","type":"product","link":"https:\/\/www.mendoza.gov.ar\/catalogoeconomiasocial\/producto\/colibri\/","title":{"rendered":"Colibri"},"content":{"rendered":"<!DOCTYPE html PUBLIC \"-\/\/W3C\/\/DTD HTML 4.0 Transitional\/\/EN\" \"http:\/\/www.w3.org\/TR\/REC-html40\/loose.dtd\">\n\n","protected":false},"excerpt":{"rendered":"Para decorar ese rinc\u00f3n especial de tu casa, en interior o exterior, para darle un toque m\u00e1gico al interior de tu auto, de souvenir de eventos y para llevar puesto, de collar o de aros.\r\n\r\nDisponibles en tama\u00f1o: MINI &#8211; PEQUE\u00d1O &#8211; MEDIANO &#8211; GRANDE\r\n\r\nCuenta una leyenda guaran\u00ed, que la muerte no es el final de la vida, pues al morir, se abandona el cuerpo en la Tierra, m\u00e1s el alma contin\u00faa su existencia.\r\n\r\nLa leyenda dice que se desprende el alma y vuela a ocultarse en una flor a la espera de un m\u00e1gico ser. Entonces, es cuando aparece el Mainimb\u00fa (colibr\u00ed) y recoge las almas desde las flores, para guiarlas amorosamente al &#8220;Para\u00edso&#8221;.\r\n\r\nCuando les vemos en alg\u00fan jard\u00edn, nos vienen a contar que las almas de los seres que amamos est\u00e1n bie","protected":false},"featured_media":53213,"comment_status":"open","ping_status":"closed","template":"","meta":[],"product_cat":[6046,6067],"product_tag":[2801,3654],"_links":{"self":[{"href":"https:\/\/www.mendoza.gov.ar\/catalogoeconomiasocial\/wp-json\/wp\/v2\/product\/53212"}],"collection":[{"href":"https:\/\/www.mendoza.gov.ar\/catalogoeconomiasocial\/wp-json\/wp\/v2\/product"}],"about":[{"href":"https:\/\/www.mendoza.gov.ar\/catalogoeconomiasocial\/wp-json\/wp\/v2\/types\/product"}],"replies":[{"embeddable":true,"href":"https:\/\/www.mendoza.gov.ar\/catalogoeconomiasocial\/wp-json\/wp\/v2\/comments?post=53212"}],"wp:featuredmedia":[{"embeddable":true,"href":"https:\/\/www.mendoza.gov.ar\/catalogoeconomiasocial\/wp-json\/wp\/v2\/media\/53213"}],"wp:attachment":[{"href":"https:\/\/www.mendoza.gov.ar\/catalogoeconomiasocial\/wp-json\/wp\/v2\/media?parent=53212"}],"wp:term":[{"taxonomy":"product_cat","embeddable":true,"href":"https:\/\/www.mendoza.gov.ar\/catalogoeconomiasocial\/wp-json\/wp\/v2\/product_cat?post=53212"},{"taxonomy":"product_tag","embeddable":true,"href":"https:\/\/www.mendoza.gov.ar\/catalogoeconomiasocial\/wp-json\/wp\/v2\/product_tag?post=53212"}],"curies":[{"name":"wp","href":"https:\/\/api.w.org\/{rel}","templated":true}]}}