{"id":53419,"date":"2024-02-19T12:20:23","date_gmt":"2024-02-19T15:20:23","guid":{"rendered":"https:\/\/www.mendoza.gov.ar\/catalogoeconomiasocial\/?post_type=product&#038;p=53419"},"modified":"2024-02-19T12:20:23","modified_gmt":"2024-02-19T15:20:23","slug":"almohadon-de-macrame-marti","status":"publish","type":"product","link":"https:\/\/www.mendoza.gov.ar\/catalogoeconomiasocial\/producto\/almohadon-de-macrame-marti\/","title":{"rendered":"Almohad\u00f3n de Macram\u00e9 &#8220;Marti&#8221;"},"content":{"rendered":"<!DOCTYPE html PUBLIC \"-\/\/W3C\/\/DTD HTML 4.0 Transitional\/\/EN\" \"http:\/\/www.w3.org\/TR\/REC-html40\/loose.dtd\">\n\n","protected":false},"excerpt":{"rendered":"Almohad\u00f3n realizado en lienzo de algod\u00f3n, 40cm x 40cm, con relleno de vell\u00f3n siliconado premium y con decoraci\u00f3n en macram\u00e9 con hilo de algod\u00f3n de 4,5mm. Se puede utilizar tanto para la cama como para el sill\u00f3n, o donde gustes! la funda es desmontable y se puede lavar a mano ya que esta cosida a la funda de lienzo","protected":false},"featured_media":53420,"comment_status":"open","ping_status":"closed","template":"","meta":[],"product_cat":[6046,6059,6062],"product_tag":[],"_links":{"self":[{"href":"https:\/\/www.mendoza.gov.ar\/catalogoeconomiasocial\/wp-json\/wp\/v2\/product\/53419"}],"collection":[{"href":"https:\/\/www.mendoza.gov.ar\/catalogoeconomiasocial\/wp-json\/wp\/v2\/product"}],"about":[{"href":"https:\/\/www.mendoza.gov.ar\/catalogoeconomiasocial\/wp-json\/wp\/v2\/types\/product"}],"replies":[{"embeddable":true,"href":"https:\/\/www.mendoza.gov.ar\/catalogoeconomiasocial\/wp-json\/wp\/v2\/comments?post=53419"}],"wp:featuredmedia":[{"embeddable":true,"href":"https:\/\/www.mendoza.gov.ar\/catalogoeconomiasocial\/wp-json\/wp\/v2\/media\/53420"}],"wp:attachment":[{"href":"https:\/\/www.mendoza.gov.ar\/catalogoeconomiasocial\/wp-json\/wp\/v2\/media?parent=53419"}],"wp:term":[{"taxonomy":"product_cat","embeddable":true,"href":"https:\/\/www.mendoza.gov.ar\/catalogoeconomiasocial\/wp-json\/wp\/v2\/product_cat?post=53419"},{"taxonomy":"product_tag","embeddable":true,"href":"https:\/\/www.mendoza.gov.ar\/catalogoeconomiasocial\/wp-json\/wp\/v2\/product_tag?post=53419"}],"curies":[{"name":"wp","href":"https:\/\/api.w.org\/{rel}","templated":true}]}}