{"id":53476,"date":"2024-03-01T11:42:57","date_gmt":"2024-03-01T14:42:57","guid":{"rendered":"https:\/\/www.mendoza.gov.ar\/catalogoeconomiasocial\/?post_type=product&#038;p=53476"},"modified":"2024-03-01T11:44:45","modified_gmt":"2024-03-01T14:44:45","slug":"cilindros-didacticos-con-tablero-de-encastre-asociacion-y-clasificacion","status":"publish","type":"product","link":"https:\/\/www.mendoza.gov.ar\/catalogoeconomiasocial\/producto\/cilindros-didacticos-con-tablero-de-encastre-asociacion-y-clasificacion\/","title":{"rendered":"Cilindros Did\u00e1cticos con Tablero de Encastre, Asociaci\u00f3n y Clasificaci\u00f3n"},"content":{"rendered":"<!DOCTYPE html PUBLIC \"-\/\/W3C\/\/DTD HTML 4.0 Transitional\/\/EN\" \"http:\/\/www.w3.org\/TR\/REC-html40\/loose.dtd\">\n\n","protected":false},"excerpt":{"rendered":"El m\u00e1s elegido por las mam\u00e1s y los peques! Mientras clasifican los cilindros por colores y tama\u00f1os, no solo se divierten, sino que tambi\u00e9n: &#8211; Desarrollan habilidades cognitivas fundamentales, como el razonamiento l\u00f3gico. &#8211; Acompa\u00f1a al desarrollo de la motricidad fina, esencial para la escritura y otras actividades precisas. &#8211; Refuerzan la concentraci\u00f3n, prepar\u00e1ndolos para futuros aprendizajes. &#8211; Aprenden a diferenciar tama\u00f1os (\u201cgrande\u201d y \u201cpeque\u00f1o\u201d) y asocian colores de manera intuitiva.","protected":false},"featured_media":53478,"comment_status":"open","ping_status":"closed","template":"","meta":[],"product_cat":[1065,6121],"product_tag":[6925,6209,1074],"_links":{"self":[{"href":"https:\/\/www.mendoza.gov.ar\/catalogoeconomiasocial\/wp-json\/wp\/v2\/product\/53476"}],"collection":[{"href":"https:\/\/www.mendoza.gov.ar\/catalogoeconomiasocial\/wp-json\/wp\/v2\/product"}],"about":[{"href":"https:\/\/www.mendoza.gov.ar\/catalogoeconomiasocial\/wp-json\/wp\/v2\/types\/product"}],"replies":[{"embeddable":true,"href":"https:\/\/www.mendoza.gov.ar\/catalogoeconomiasocial\/wp-json\/wp\/v2\/comments?post=53476"}],"wp:featuredmedia":[{"embeddable":true,"href":"https:\/\/www.mendoza.gov.ar\/catalogoeconomiasocial\/wp-json\/wp\/v2\/media\/53478"}],"wp:attachment":[{"href":"https:\/\/www.mendoza.gov.ar\/catalogoeconomiasocial\/wp-json\/wp\/v2\/media?parent=53476"}],"wp:term":[{"taxonomy":"product_cat","embeddable":true,"href":"https:\/\/www.mendoza.gov.ar\/catalogoeconomiasocial\/wp-json\/wp\/v2\/product_cat?post=53476"},{"taxonomy":"product_tag","embeddable":true,"href":"https:\/\/www.mendoza.gov.ar\/catalogoeconomiasocial\/wp-json\/wp\/v2\/product_tag?post=53476"}],"curies":[{"name":"wp","href":"https:\/\/api.w.org\/{rel}","templated":true}]}}