{"id":53495,"date":"2024-03-04T12:06:10","date_gmt":"2024-03-04T15:06:10","guid":{"rendered":"https:\/\/www.mendoza.gov.ar\/catalogoeconomiasocial\/?post_type=product&#038;p=53495"},"modified":"2024-03-04T12:42:40","modified_gmt":"2024-03-04T15:42:40","slug":"top-y-faldas-a-crochet","status":"publish","type":"product","link":"https:\/\/www.mendoza.gov.ar\/catalogoeconomiasocial\/producto\/top-y-faldas-a-crochet\/","title":{"rendered":"Top y Faldas a Crochet"},"content":{"rendered":"<!DOCTYPE html PUBLIC \"-\/\/W3C\/\/DTD HTML 4.0 Transitional\/\/EN\" \"http:\/\/www.w3.org\/TR\/REC-html40\/loose.dtd\">\n\n","protected":false},"excerpt":{"rendered":"<div class=\"Qr7Oae\" role=\"listitem\">\r\n<div class=\"OxAavc NVbRL JPPuWb\" data-required=\"true\" data-item-id=\"1120097839\">\r\n<div class=\"xMZTse Ih4Dzb\">\r\n<div class=\"Mh5jwe JqSWld yqQS1\" aria-describedby=\"c4237\">Los productos se basan en tejidos hechos a mano. Utilizo mayormente la t\u00e9cnica de crochet y en pocas ocasiones dos agujas. No tengo un solo producto, ya que hago prendas tejidas temporada Oto\u00f1o-Invierno y primavera-verano.<\/div>\r\n<\/div>\r\n<\/div>\r\n<\/div>\r\n<div class=\"Qr7Oae\" role=\"listitem\">\r\n<div class=\"OxAavc NVbRL\" data-required=\"true\" data-item-id=\"1203241719\">\r\n<div class=\"pYfr3c\">\r\n<div class=\"prOLdf\">\r\n<div class=\"g53bl\"><\/div>\r\n<div id=\"i.desc.1203241719\" class=\"hyJi2e OIC90c RjsPE\">Los productos var\u00edan en cuanto a la temporada. En Oto\u00f1o-Invierno me encargo de las ruanas, c\u00e1rdigans, sweters, ropita de bebes, bufandas y gorros tejidas en pura lana. Si bien trato de tener stock al ser una sola persona la que teje me demanda mucho tiempo poder lograrlo. En temporada primavera-verano me encargo de prendas para la playa o el verano. Realizo: salidas de playa, bikinis, remeras tejidas, vestidos y Pilusos tejidos en hilo de algod\u00f3n. Trabajo todos los talles, desde el 1 a talles plus size.<\/div>\r\n<div class=\"hyJi2e OIC90c RjsPE\"><\/div>\r\n<\/div>\r\n<\/div>\r\n<\/div>\r\n<\/div>","protected":false},"featured_media":53502,"comment_status":"open","ping_status":"closed","template":"","meta":[],"product_cat":[5923,6100,1290],"product_tag":[282,7059,7058,6969,6759],"_links":{"self":[{"href":"https:\/\/www.mendoza.gov.ar\/catalogoeconomiasocial\/wp-json\/wp\/v2\/product\/53495"}],"collection":[{"href":"https:\/\/www.mendoza.gov.ar\/catalogoeconomiasocial\/wp-json\/wp\/v2\/product"}],"about":[{"href":"https:\/\/www.mendoza.gov.ar\/catalogoeconomiasocial\/wp-json\/wp\/v2\/types\/product"}],"replies":[{"embeddable":true,"href":"https:\/\/www.mendoza.gov.ar\/catalogoeconomiasocial\/wp-json\/wp\/v2\/comments?post=53495"}],"wp:featuredmedia":[{"embeddable":true,"href":"https:\/\/www.mendoza.gov.ar\/catalogoeconomiasocial\/wp-json\/wp\/v2\/media\/53502"}],"wp:attachment":[{"href":"https:\/\/www.mendoza.gov.ar\/catalogoeconomiasocial\/wp-json\/wp\/v2\/media?parent=53495"}],"wp:term":[{"taxonomy":"product_cat","embeddable":true,"href":"https:\/\/www.mendoza.gov.ar\/catalogoeconomiasocial\/wp-json\/wp\/v2\/product_cat?post=53495"},{"taxonomy":"product_tag","embeddable":true,"href":"https:\/\/www.mendoza.gov.ar\/catalogoeconomiasocial\/wp-json\/wp\/v2\/product_tag?post=53495"}],"curies":[{"name":"wp","href":"https:\/\/api.w.org\/{rel}","templated":true}]}}