{"id":53498,"date":"2024-03-04T12:41:48","date_gmt":"2024-03-04T15:41:48","guid":{"rendered":"https:\/\/www.mendoza.gov.ar\/catalogoeconomiasocial\/?post_type=product&#038;p=53498"},"modified":"2024-03-04T12:41:49","modified_gmt":"2024-03-04T15:41:49","slug":"pilusos","status":"publish","type":"product","link":"https:\/\/www.mendoza.gov.ar\/catalogoeconomiasocial\/producto\/pilusos\/","title":{"rendered":"Pilusos"},"content":{"rendered":"<!DOCTYPE html PUBLIC \"-\/\/W3C\/\/DTD HTML 4.0 Transitional\/\/EN\" \"http:\/\/www.w3.org\/TR\/REC-html40\/loose.dtd\">\n\n","protected":false},"excerpt":{"rendered":"Los productos var\u00edan en cuanto a la temporada. En Oto\u00f1o-Invierno me encargo de las ruanas, c\u00e1rdigans, sweters, ropita de bebes, bufandas y gorros tejidas en pura lana. Si bien trato de tener stock al ser una sola persona la que teje me demanda mucho tiempo poder lograrlo. En temporada primavera-verano me encargo de prendas para la playa o el verano. Realizo: salidas de playa, bikinis, remeras tejidas, vestidos y Pilusos tejidos en hilo de algod\u00f3n. Trabajo todos los talles, desde el 1 a talles plus size.","protected":false},"featured_media":53499,"comment_status":"open","ping_status":"closed","template":"","meta":[],"product_cat":[5923,6098,6107,6110],"product_tag":[],"_links":{"self":[{"href":"https:\/\/www.mendoza.gov.ar\/catalogoeconomiasocial\/wp-json\/wp\/v2\/product\/53498"}],"collection":[{"href":"https:\/\/www.mendoza.gov.ar\/catalogoeconomiasocial\/wp-json\/wp\/v2\/product"}],"about":[{"href":"https:\/\/www.mendoza.gov.ar\/catalogoeconomiasocial\/wp-json\/wp\/v2\/types\/product"}],"replies":[{"embeddable":true,"href":"https:\/\/www.mendoza.gov.ar\/catalogoeconomiasocial\/wp-json\/wp\/v2\/comments?post=53498"}],"wp:featuredmedia":[{"embeddable":true,"href":"https:\/\/www.mendoza.gov.ar\/catalogoeconomiasocial\/wp-json\/wp\/v2\/media\/53499"}],"wp:attachment":[{"href":"https:\/\/www.mendoza.gov.ar\/catalogoeconomiasocial\/wp-json\/wp\/v2\/media?parent=53498"}],"wp:term":[{"taxonomy":"product_cat","embeddable":true,"href":"https:\/\/www.mendoza.gov.ar\/catalogoeconomiasocial\/wp-json\/wp\/v2\/product_cat?post=53498"},{"taxonomy":"product_tag","embeddable":true,"href":"https:\/\/www.mendoza.gov.ar\/catalogoeconomiasocial\/wp-json\/wp\/v2\/product_tag?post=53498"}],"curies":[{"name":"wp","href":"https:\/\/api.w.org\/{rel}","templated":true}]}}